{"id":13898,"date":"2020-10-24T23:54:02","date_gmt":"2020-10-25T06:54:02","guid":{"rendered":"https:\/\/vietnamesemuseum.org\/pulau-galang\/"},"modified":"2022-04-10T16:22:35","modified_gmt":"2022-04-10T23:22:35","slug":"pulau-galang","status":"publish","type":"page","link":"https:\/\/vietnamesemuseum.org\/vi\/pulau-galang\/","title":{"rendered":"Pulau Galang"},"content":{"rendered":"[vc_row type=&#8221;in_container&#8221; full_screen_row_position=&#8221;middle&#8221; column_margin=&#8221;default&#8221; column_direction=&#8221;default&#8221; column_direction_tablet=&#8221;default&#8221; column_direction_phone=&#8221;default&#8221; scene_position=&#8221;center&#8221; text_color=&#8221;dark&#8221; text_align=&#8221;left&#8221; row_border_radius=&#8221;none&#8221; row_border_radius_applies=&#8221;bg&#8221; overlay_strength=&#8221;0.3&#8243; gradient_direction=&#8221;left_to_right&#8221; shape_divider_position=&#8221;bottom&#8221; bg_image_animation=&#8221;none&#8221;][vc_column column_padding=&#8221;no-extra-padding&#8221; column_padding_tablet=&#8221;inherit&#8221; column_padding_phone=&#8221;inherit&#8221; column_padding_position=&#8221;all&#8221; background_color_opacity=&#8221;1&#8243; background_hover_color_opacity=&#8221;1&#8243; column_shadow=&#8221;none&#8221; column_border_radius=&#8221;none&#8221; column_link_target=&#8221;_self&#8221; gradient_direction=&#8221;left_to_right&#8221; overlay_strength=&#8221;0.3&#8243; width=&#8221;1\/1&#8243; tablet_width_inherit=&#8221;default&#8221; tablet_text_alignment=&#8221;default&#8221; phone_text_alignment=&#8221;default&#8221; column_border_width=&#8221;none&#8221; column_border_style=&#8221;solid&#8221; bg_image_animation=&#8221;none&#8221;][divider line_type=&#8221;No Line&#8221;][vc_column_text]T\u1ea1i Indonesia, Cao \u1ee6y T\u1ef5 N\u1ea1n Li\u00ean Hi\u1ec7p Qu\u1ed1c, UNHCR, \u0111\u00e3 thi\u1ebft l\u1eadp m\u1ed9t tr\u1ea1i t\u1ef5 n\u1ea1n t\u1ea1i \u0111\u1ea3o Galang (di\u1ec7n t\u00edch kho\u1ea3ng 16 km vu\u00f4ng). Pulau Galang l\u00e0 m\u1ed9t \u0111\u1ea3o thu\u1ed9c Qu\u1ea7n \u0111\u1ea3o Riau, g\u1ea7n Singapore. <strong>Galang<\/strong> c\u00f3 nhi\u1ec1u c\u01a1 s\u1edf h\u1ea1 t\u1ea7ng v\u00e0 v\u0103n ph\u00f2ng nh\u01b0 ph\u00f2ng qu\u1ea3n l\u00fd tr\u1ea1i, b\u1ec7nh vi\u1ec7n PMI (H\u1ed9i Ch\u1eef Th\u1eadp \u0110\u1ecf c\u1ee7a Indonesia), tr\u01b0\u1eddng h\u1ecdc, nh\u00e0 th\u1edd, ngh\u0129a trang, ch\u00f9a Ph\u1eadt gi\u00e1o, v\u00e0 trung t\u00e2m thanh thi\u1ebfu ni\u00ean (do ng\u01b0\u1eddi t\u1ef5 n\u1ea1n t\u1ef1 th\u00e0nh l\u1eadp v\u00e0 \u0111i\u1ec1u h\u00e0nh). Tr\u1ea1i \u0111\u01b0\u1ee3c chia th\u00e0nh ba \u0111\u1ecba \u0111i\u1ec3m: Tr\u1ea1i IA, tr\u1ea1i IB, v\u00e0 tr\u1ea1i II. Tr\u1ea1i n\u00e0y c\u00f3 s\u1ee9c ch\u1ee9a kho\u1ea3ng 250.000 thuy\u1ec1n nh\u00e2n t\u1eeb Campuchia, L\u00e0o, v\u00e0 Vi\u1ec7t Nam su\u1ed1t t\u1eeb n\u0103m 1975 \u0111\u1ebfn n\u0103m 1996. \u0110a s\u1ed1 t\u1ef5 n\u1ea1n l\u00e0 ng\u01b0\u1eddi Vi\u1ec7t Nam. C\u1ed9ng th\u00eam 50 tr\u1ebb s\u01a1 sinh \u0111\u01b0\u1ee3c sinh ra trong tr\u1ea1i m\u1ed7i th\u00e1ng.<\/p>\n<p>Tr\u1ea1i \u0111\u00f3ng c\u1eeda v\u00e0o n\u0103m 1996. Nh\u1eefng ng\u01b0\u1eddi t\u1ef5 n\u1ea1n \u0110\u00f4ng D\u01b0\u01a1ng cu\u1ed1i c\u00f9ng bu\u1ed9c r\u1eddi \u0111\u1ea3o Galang v\u00e0o ng\u00e0y 2 th\u00e1ng 9. M\u1eb7c d\u00f9, ch\u00ednh quy\u1ec1n tr\u01b0\u1edbc \u0111\u00e2y c\u1ee7a nh\u1eefng d\u00e2n t\u1ef5 n\u1ea1n \u0111\u00e3 \u0111\u1ed3ng \u00fd k\u00fd k\u1ebft kh\u00f4ng c\u00f3 h\u00e0nh vi ph\u00e2n bi\u1ec7t \u0111\u1ed1i x\u1eed, s\u00e1ch nhi\u1ec5u, b\u1eaft b\u1edb ho\u1eb7c \u0111\u1ed1i x\u1eed b\u1ea5t c\u00f4ng v\u1edbi nh\u1eefng n\u1ea1n nh\u00e2n n\u00e0y khi h\u1ed3i h\u01b0\u01a1ng, nh\u01b0ng \u0111\u00e3 c\u00f3 h\u00e0ng lo\u1ea1t nh\u1eefng v\u1ee5 t\u1ef1 s\u00e1t (b\u1eb1ng c\u00e1ch t\u1ef1 thi\u00eau) khi nh\u1eefng ng\u01b0\u1eddi t\u1ecb n\u1ea1n \u0111\u01b0\u1ee3c th\u00f4ng b\u00e1o r\u1eb1ng h\u1ecd s\u1ebd b\u1ecb \u0111\u01b0a v\u1ec1 n\u01b0\u1edbc c\u1ee7a m\u00ecnh. H\u1ecd \u0111\u00e3 b\u1ecb c\u00e1c n\u01b0\u1edbc th\u1ee9 ba t\u1eeb ch\u1ed1i t\u00e1i \u0111\u1ecbnh c\u01b0 v\u00ec l\u00fd do di d\u00e2n v\u00ec kinh t\u1ebf.<\/p>\n<p>Ng\u00e0y nay, c\u00e1c tr\u1ea1i c\u0169 n\u00e0y \u0111\u00e3 tr\u1edf th\u00e0nh m\u1ed9t \u0111i\u1ec3m du l\u1ecbch t\u1ea1i t\u1ec9nh Riau Islands. Tr\u1ea1i n\u00e0y n\u1ed5i ti\u1ebfng v\u00ec \u0111\u01b0\u1ee3c UNHCR \u0111\u00e1nh gi\u00e1 l\u00e0 tr\u1ea1i t\u1ef5 n\u1ea1n t\u1ed1t nh\u1ea5t th\u1eddi \u0111\u00f3. \u1ede n\u01a1i \u0111\u00f3 c\u00f3 m\u1ed9t b\u1ea3n sao y c\u1ee7a m\u1ed9t trong nh\u1eefng chi\u1ebfc thuy\u1ec1n \u0111\u01b0\u1ee3c thuy\u1ec1n nh\u00e2n Vi\u1ec7t Nam s\u1eed d\u1ee5ng v\u00e0o n\u0103m 1975 \u0111\u1ec3 v\u01b0\u1ee3t bi\u1ec3n.<\/p>\n<p>Ngu\u1ed3n: military-discussion[\/vc_column_text][vc_gallery type=&#8221;flickity_static_height_style&#8221; images=&#8221;3830,3831,3832,3829,3847,3844,3833,3834,3843,3848,3845,3836,8641,8639,8638,6148,5069&#8243; flickity_spacing=&#8221;5px&#8221; flickity_controls=&#8221;none&#8221; flickity_overflow=&#8221;hidden&#8221; flickity_wrap_around=&#8221;wrap&#8221; flickity_autoplay=&#8221;true&#8221; flickity_box_shadow=&#8221;none&#8221; image_loading=&#8221;default&#8221; onclick=&#8221;link_image&#8221; flickity_img_height=&#8221;250&#8243; img_size=&#8221;250&#8243;][\/vc_column][\/vc_row][vc_row type=&#8221;in_container&#8221; full_screen_row_position=&#8221;middle&#8221; column_margin=&#8221;default&#8221; column_direction=&#8221;default&#8221; column_direction_tablet=&#8221;default&#8221; column_direction_phone=&#8221;default&#8221; scene_position=&#8221;center&#8221; text_color=&#8221;light&#8221; text_align=&#8221;center&#8221; row_border_radius=&#8221;none&#8221; row_border_radius_applies=&#8221;bg&#8221; overlay_strength=&#8221;0.3&#8243; gradient_direction=&#8221;left_to_right&#8221; shape_divider_position=&#8221;bottom&#8221; bg_image_animation=&#8221;none&#8221; shape_type=&#8221;&#8221;][vc_column column_padding=&#8221;no-extra-padding&#8221; column_padding_tablet=&#8221;inherit&#8221; column_padding_phone=&#8221;inherit&#8221; column_padding_position=&#8221;all&#8221; centered_text=&#8221;true&#8221; background_color_opacity=&#8221;1&#8243; background_color_hover=&#8221;#dda44d&#8221; background_hover_color_opacity=&#8221;0.4&#8243; font_color=&#8221;#dd8500&#8243; column_shadow=&#8221;none&#8221; column_border_radius=&#8221;10px&#8221; column_link_target=&#8221;_blank&#8221; gradient_direction=&#8221;left_to_right&#8221; overlay_strength=&#8221;0.3&#8243; width=&#8221;1\/6&#8243; tablet_width_inherit=&#8221;default&#8221; tablet_text_alignment=&#8221;default&#8221; phone_text_alignment=&#8221;default&#8221; column_border_width=&#8221;4px&#8221; column_border_color=&#8221;#dd8500&#8243; bg_image_animation=&#8221;none&#8221; column_link=&#8221;https:\/\/vietnamesemuseum.org\/our-roots\/refugee-camps\/indonesia\/pulau-galang\/photo\/&#8221;][nectar_icon icon_family=&#8221;fontawesome&#8221; icon_style=&#8221;default&#8221; icon_color_type=&#8221;color_scheme&#8221; icon_color=&#8221;Accent-Color&#8221; icon_padding=&#8221;10px&#8221; icon_fontawesome=&#8221;fa fa-picture-o&#8221; margin_top=&#8221;10&#8243; margin_bottom=&#8221;00&#8243;][vc_column_text css=&#8221;.vc_custom_1615848986084{padding-bottom: 10px !important;}&#8221;]\n<h3><span style=\"color: #dd8500;\">H\u00ccNH \u1ea2NH<\/span><\/h3>\n[\/vc_column_text][\/vc_column][vc_column column_padding=&#8221;no-extra-padding&#8221; column_padding_tablet=&#8221;inherit&#8221; column_padding_phone=&#8221;inherit&#8221; column_padding_position=&#8221;all&#8221; centered_text=&#8221;true&#8221; background_color_opacity=&#8221;1&#8243; background_color_hover=&#8221;#dda44d&#8221; background_hover_color_opacity=&#8221;0.4&#8243; font_color=&#8221;#dd8500&#8243; column_shadow=&#8221;none&#8221; column_border_radius=&#8221;10px&#8221; column_link_target=&#8221;_self&#8221; gradient_direction=&#8221;left_to_right&#8221; overlay_strength=&#8221;0.3&#8243; width=&#8221;1\/6&#8243; tablet_width_inherit=&#8221;default&#8221; tablet_text_alignment=&#8221;default&#8221; phone_text_alignment=&#8221;default&#8221; column_border_width=&#8221;4px&#8221; column_border_color=&#8221;#dd8500&#8243; bg_image_animation=&#8221;none&#8221; column_link=&#8221;https:\/\/vietnamesemuseum.org\/our-roots\/refugee-camps\/indonesia\/pulau-galang\/artifact\/&#8221;][nectar_icon icon_family=&#8221;fontawesome&#8221; icon_style=&#8221;default&#8221; icon_color_type=&#8221;color_scheme&#8221; icon_color=&#8221;Accent-Color&#8221; icon_padding=&#8221;10px&#8221; icon_fontawesome=&#8221;fa fa-hourglass-o&#8221; margin_top=&#8221;10&#8243; margin_bottom=&#8221;00&#8243;][vc_column_text css=&#8221;.vc_custom_1615848997849{padding-bottom: 10px !important;}&#8221;]\n<h3><span style=\"color: #dd8500;\">HI\u1ec6N V\u1eacT<\/span><\/h3>\n[\/vc_column_text][\/vc_column][vc_column column_padding=&#8221;no-extra-padding&#8221; column_padding_tablet=&#8221;inherit&#8221; column_padding_phone=&#8221;inherit&#8221; column_padding_position=&#8221;all&#8221; centered_text=&#8221;true&#8221; background_color_opacity=&#8221;1&#8243; background_color_hover=&#8221;#dda44d&#8221; background_hover_color_opacity=&#8221;0.4&#8243; font_color=&#8221;#dd8500&#8243; column_shadow=&#8221;none&#8221; column_border_radius=&#8221;10px&#8221; column_link_target=&#8221;_self&#8221; gradient_direction=&#8221;left_to_right&#8221; overlay_strength=&#8221;0.3&#8243; width=&#8221;1\/6&#8243; tablet_width_inherit=&#8221;default&#8221; tablet_text_alignment=&#8221;default&#8221; phone_text_alignment=&#8221;default&#8221; column_border_width=&#8221;4px&#8221; column_border_color=&#8221;#dd8500&#8243; bg_image_animation=&#8221;none&#8221; column_link=&#8221;https:\/\/vietnamesemuseum.org\/our-roots\/refugee-camps\/indonesia\/pulau-galang\/document\/&#8221;][nectar_icon icon_family=&#8221;fontawesome&#8221; icon_style=&#8221;default&#8221; icon_color_type=&#8221;color_scheme&#8221; icon_color=&#8221;Accent-Color&#8221; icon_padding=&#8221;10px&#8221; icon_fontawesome=&#8221;fa fa-file-text-o&#8221; margin_top=&#8221;10&#8243; margin_bottom=&#8221;00&#8243;][vc_column_text css=&#8221;.vc_custom_1615849007299{padding-bottom: 10px !important;}&#8221;]\n<h3><span style=\"color: #dd8500;\">T\u00c0I LI\u1ec6U<\/span><\/h3>\n[\/vc_column_text][\/vc_column][vc_column column_padding=&#8221;no-extra-padding&#8221; column_padding_tablet=&#8221;inherit&#8221; column_padding_phone=&#8221;inherit&#8221; column_padding_position=&#8221;all&#8221; centered_text=&#8221;true&#8221; background_color_opacity=&#8221;1&#8243; background_color_hover=&#8221;#dda44d&#8221; background_hover_color_opacity=&#8221;0.4&#8243; font_color=&#8221;#dd8500&#8243; column_shadow=&#8221;none&#8221; column_border_radius=&#8221;10px&#8221; column_link_target=&#8221;_self&#8221; gradient_direction=&#8221;left_to_right&#8221; overlay_strength=&#8221;0.3&#8243; width=&#8221;1\/6&#8243; tablet_width_inherit=&#8221;default&#8221; tablet_text_alignment=&#8221;default&#8221; phone_text_alignment=&#8221;default&#8221; column_border_width=&#8221;4px&#8221; column_border_color=&#8221;#dd8500&#8243; bg_image_animation=&#8221;none&#8221; column_link=&#8221;https:\/\/vietnamesemuseum.org\/our-roots\/refugee-camps\/indonesia\/pulau-galang\/video\/&#8221;][nectar_icon icon_family=&#8221;fontawesome&#8221; icon_style=&#8221;default&#8221; icon_color_type=&#8221;color_scheme&#8221; icon_color=&#8221;Accent-Color&#8221; icon_padding=&#8221;10px&#8221; icon_fontawesome=&#8221;fa fa-film&#8221; margin_top=&#8221;10&#8243; margin_bottom=&#8221;00&#8243;][vc_column_text css=&#8221;.vc_custom_1615849017220{padding-bottom: 10px !important;}&#8221;]\n<h3><span style=\"color: #dd8500;\">VIDEO<\/span><\/h3>\n[\/vc_column_text][\/vc_column][vc_column column_padding=&#8221;no-extra-padding&#8221; column_padding_tablet=&#8221;inherit&#8221; column_padding_phone=&#8221;inherit&#8221; column_padding_position=&#8221;all&#8221; centered_text=&#8221;true&#8221; background_color_opacity=&#8221;1&#8243; background_color_hover=&#8221;#dda44d&#8221; background_hover_color_opacity=&#8221;0.4&#8243; font_color=&#8221;#dd8500&#8243; column_shadow=&#8221;none&#8221; column_border_radius=&#8221;10px&#8221; column_link_target=&#8221;_self&#8221; gradient_direction=&#8221;left_to_right&#8221; overlay_strength=&#8221;0.3&#8243; width=&#8221;1\/6&#8243; tablet_width_inherit=&#8221;default&#8221; tablet_text_alignment=&#8221;default&#8221; phone_text_alignment=&#8221;default&#8221; column_border_width=&#8221;4px&#8221; column_border_color=&#8221;#dd8500&#8243; bg_image_animation=&#8221;none&#8221; column_link=&#8221;https:\/\/vietnamesemuseum.org\/our-roots\/refugee-camps\/indonesia\/pulau-galang\/id-card\/&#8221;][nectar_icon icon_family=&#8221;fontawesome&#8221; icon_style=&#8221;default&#8221; icon_color_type=&#8221;color_scheme&#8221; icon_color=&#8221;Accent-Color&#8221; icon_padding=&#8221;10px&#8221; icon_fontawesome=&#8221;fa fa-address-card-o&#8221; margin_top=&#8221;10&#8243; margin_bottom=&#8221;00&#8243;][vc_column_text css=&#8221;.vc_custom_1615849027137{padding-bottom: 10px !important;}&#8221;]\n<h3><span style=\"color: #dd8500;\">TH\u1eba C\u0102N C\u01af\u1edaC<\/span><\/h3>\n[\/vc_column_text][\/vc_column][vc_column column_padding=&#8221;no-extra-padding&#8221; column_padding_tablet=&#8221;inherit&#8221; column_padding_phone=&#8221;inherit&#8221; column_padding_position=&#8221;all&#8221; centered_text=&#8221;true&#8221; background_color_opacity=&#8221;1&#8243; background_color_hover=&#8221;#dda44d&#8221; background_hover_color_opacity=&#8221;0.4&#8243; font_color=&#8221;#dd8500&#8243; column_shadow=&#8221;none&#8221; column_border_radius=&#8221;10px&#8221; column_link_target=&#8221;_blank&#8221; gradient_direction=&#8221;left_to_right&#8221; overlay_strength=&#8221;0.3&#8243; width=&#8221;1\/6&#8243; tablet_width_inherit=&#8221;default&#8221; tablet_text_alignment=&#8221;default&#8221; phone_text_alignment=&#8221;default&#8221; column_border_width=&#8221;4px&#8221; column_border_color=&#8221;#dd8500&#8243; bg_image_animation=&#8221;none&#8221; column_link=&#8221;https:\/\/vietnamesemuseum.org\/our-roots\/refugee-camps\/indonesia\/pulau-galang\/story\/&#8221;][nectar_icon icon_family=&#8221;fontawesome&#8221; icon_style=&#8221;default&#8221; icon_color_type=&#8221;color_scheme&#8221; icon_color=&#8221;Accent-Color&#8221; icon_padding=&#8221;10px&#8221; icon_fontawesome=&#8221;fa fa-book&#8221; margin_top=&#8221;10&#8243; margin_bottom=&#8221;00&#8243;][vc_column_text css=&#8221;.vc_custom_1615849036281{padding-bottom: 10px !important;}&#8221;]\n<h3><span style=\"color: #dd8500;\">CHUY\u1ec6N K\u1ec2<\/span><\/h3>\n[\/vc_column_text][\/vc_column][\/vc_row][vc_row type=&#8221;in_container&#8221; full_screen_row_position=&#8221;middle&#8221; column_margin=&#8221;default&#8221; column_direction=&#8221;default&#8221; column_direction_tablet=&#8221;default&#8221; column_direction_phone=&#8221;default&#8221; scene_position=&#8221;center&#8221; text_color=&#8221;dark&#8221; text_align=&#8221;left&#8221; row_border_radius=&#8221;none&#8221; row_border_radius_applies=&#8221;bg&#8221; overlay_strength=&#8221;0.3&#8243; gradient_direction=&#8221;left_to_right&#8221; shape_divider_position=&#8221;bottom&#8221; bg_image_animation=&#8221;none&#8221;][vc_column column_padding=&#8221;no-extra-padding&#8221; column_padding_tablet=&#8221;inherit&#8221; column_padding_phone=&#8221;inherit&#8221; column_padding_position=&#8221;all&#8221; background_color_opacity=&#8221;1&#8243; background_hover_color_opacity=&#8221;1&#8243; column_shadow=&#8221;none&#8221; column_border_radius=&#8221;none&#8221; column_link_target=&#8221;_self&#8221; gradient_direction=&#8221;left_to_right&#8221; overlay_strength=&#8221;0.3&#8243; width=&#8221;1\/1&#8243; tablet_width_inherit=&#8221;default&#8221; tablet_text_alignment=&#8221;default&#8221; phone_text_alignment=&#8221;default&#8221; column_border_width=&#8221;none&#8221; column_border_style=&#8221;solid&#8221; bg_image_animation=&#8221;none&#8221;][vc_raw_html]PGlmcmFtZSBzcmM9Imh0dHBzOi8vd3d3Lmdvb2dsZS5jb20vbWFwcy9kL3UvMC9lbWJlZD9taWQ9MW5UM1RRUFhPWkVUZGVOSXVTN21EaTJ1NzZuc2k5RXdFJmFtcDtsbD0wLjg5NjI2MTczMjk3ODM5MzYlMkMxMDQuMzA2MDAzNzM1NTIzNDkmYW1wO3o9OSIgd2lkdGg9IjEwMCUiIGhlaWdodD0iNDUwIiBmcmFtZWJvcmRlcj0iMCIgc3R5bGU9ImJvcmRlcjowOyIgYWxsb3dmdWxsc2NyZWVuPSIiIGFyaWEtaGlkZGVuPSJmYWxzZSIgdGFiaW5kZXg9IjAiPjwvaWZyYW1lPg==[\/vc_raw_html][divider line_type=&#8221;No Line&#8221;][\/vc_column][\/vc_row]\n","protected":false},"excerpt":{"rendered":"<p>[vc_row type=&#8221;in_container&#8221; full_screen_row_position=&#8221;middle&#8221; column_margin=&#8221;default&#8221; column_direction=&#8221;default&#8221; column_direction_tablet=&#8221;default&#8221; column_direction_phone=&#8221;default&#8221; scene_position=&#8221;center&#8221; text_color=&#8221;dark&#8221; text_align=&#8221;left&#8221; row_border_radius=&#8221;none&#8221; row_border_radius_applies=&#8221;bg&#8221; overlay_strength=&#8221;0.3&#8243; gradient_direction=&#8221;left_to_right&#8221; shape_divider_position=&#8221;bottom&#8221; bg_image_animation=&#8221;none&#8221;][vc_column column_padding=&#8221;no-extra-padding&#8221; column_padding_tablet=&#8221;inherit&#8221; column_padding_phone=&#8221;inherit&#8221; column_padding_position=&#8221;all&#8221; background_color_opacity=&#8221;1&#8243; background_hover_color_opacity=&#8221;1&#8243; column_shadow=&#8221;none&#8221; column_border_radius=&#8221;none&#8221; column_link_target=&#8221;_self&#8221; gradient_direction=&#8221;left_to_right&#8221; overlay_strength=&#8221;0.3&#8243; width=&#8221;1\/1&#8243; tablet_width_inherit=&#8221;default&#8221; tablet_text_alignment=&#8221;default&#8221;&#8230;<\/p>\n","protected":false},"author":336,"featured_media":0,"parent":0,"menu_order":10,"comment_status":"closed","ping_status":"closed","template":"","meta":{"nf_dc_page":"","footnotes":""},"class_list":["post-13898","page","type-page","status-publish"],"yoast_head":"<!-- This site is optimized with the Yoast SEO plugin v26.9 - https:\/\/yoast.com\/product\/yoast-seo-wordpress\/ -->\n<title>Pulau Galang - Vietnamese Heritage Museum<\/title>\n<meta name=\"robots\" content=\"index, follow, max-snippet:-1, max-image-preview:large, max-video-preview:-1\" \/>\n<link rel=\"canonical\" href=\"https:\/\/vietnamesemuseum.org\/vi\/pulau-galang\/\" \/>\n<meta property=\"og:locale\" content=\"vi_VN\" \/>\n<meta property=\"og:type\" content=\"article\" \/>\n<meta property=\"og:title\" content=\"Pulau Galang - Vietnamese Heritage Museum\" \/>\n<meta property=\"og:description\" content=\"[vc_row type=&#8221;in_container&#8221; full_screen_row_position=&#8221;middle&#8221; column_margin=&#8221;default&#8221; column_direction=&#8221;default&#8221; column_direction_tablet=&#8221;default&#8221; column_direction_phone=&#8221;default&#8221; scene_position=&#8221;center&#8221; text_color=&#8221;dark&#8221; text_align=&#8221;left&#8221; row_border_radius=&#8221;none&#8221; row_border_radius_applies=&#8221;bg&#8221; overlay_strength=&#8221;0.3&#8243; gradient_direction=&#8221;left_to_right&#8221; shape_divider_position=&#8221;bottom&#8221; bg_image_animation=&#8221;none&#8221;][vc_column column_padding=&#8221;no-extra-padding&#8221; column_padding_tablet=&#8221;inherit&#8221; column_padding_phone=&#8221;inherit&#8221; column_padding_position=&#8221;all&#8221; background_color_opacity=&#8221;1&#8243; background_hover_color_opacity=&#8221;1&#8243; column_shadow=&#8221;none&#8221; column_border_radius=&#8221;none&#8221; column_link_target=&#8221;_self&#8221; gradient_direction=&#8221;left_to_right&#8221; overlay_strength=&#8221;0.3&#8243; width=&#8221;1\/1&#8243; tablet_width_inherit=&#8221;default&#8221; tablet_text_alignment=&#8221;default&#8221;...\" \/>\n<meta property=\"og:url\" content=\"https:\/\/vietnamesemuseum.org\/vi\/pulau-galang\/\" \/>\n<meta property=\"og:site_name\" content=\"Vietnamese Heritage Museum\" \/>\n<meta property=\"article:publisher\" content=\"https:\/\/www.facebook.com\/vhmusa\" \/>\n<meta property=\"article:modified_time\" content=\"2022-04-10T23:22:35+00:00\" \/>\n<meta property=\"og:image\" content=\"https:\/\/vietnamesemuseum.org\/wp-content\/uploads\/2021\/08\/VHM_Logo_FINAL.jpg\" \/>\n\t<meta property=\"og:image:width\" content=\"1346\" \/>\n\t<meta property=\"og:image:height\" content=\"1100\" \/>\n\t<meta property=\"og:image:type\" content=\"image\/jpeg\" \/>\n<meta name=\"twitter:card\" content=\"summary_large_image\" \/>\n<meta name=\"twitter:site\" content=\"@vmuseum\" \/>\n<meta name=\"twitter:label1\" content=\"Est. reading time\" \/>\n\t<meta name=\"twitter:data1\" content=\"8 minutes\" \/>\n<script type=\"application\/ld+json\" class=\"yoast-schema-graph\">{\"@context\":\"https:\/\/schema.org\",\"@graph\":[{\"@type\":\"WebPage\",\"@id\":\"https:\/\/vietnamesemuseum.org\/vi\/pulau-galang\/\",\"url\":\"https:\/\/vietnamesemuseum.org\/vi\/pulau-galang\/\",\"name\":\"Pulau Galang - Vietnamese Heritage Museum\",\"isPartOf\":{\"@id\":\"https:\/\/vietnamesemuseum.org\/vi\/#website\"},\"datePublished\":\"2020-10-25T06:54:02+00:00\",\"dateModified\":\"2022-04-10T23:22:35+00:00\",\"inLanguage\":\"vi-VN\",\"potentialAction\":[{\"@type\":\"ReadAction\",\"target\":[\"https:\/\/vietnamesemuseum.org\/vi\/pulau-galang\/\"]}]},{\"@type\":\"WebSite\",\"@id\":\"https:\/\/vietnamesemuseum.org\/vi\/#website\",\"url\":\"https:\/\/vietnamesemuseum.org\/vi\/\",\"name\":\"Vietnamese Heritage Museum\",\"description\":\"Reflections of Vietnamese Refugees\",\"publisher\":{\"@id\":\"https:\/\/vietnamesemuseum.org\/vi\/#organization\"},\"potentialAction\":[{\"@type\":\"SearchAction\",\"target\":{\"@type\":\"EntryPoint\",\"urlTemplate\":\"https:\/\/vietnamesemuseum.org\/vi\/?s={search_term_string}\"},\"query-input\":{\"@type\":\"PropertyValueSpecification\",\"valueRequired\":true,\"valueName\":\"search_term_string\"}}],\"inLanguage\":\"vi-VN\"},{\"@type\":\"Organization\",\"@id\":\"https:\/\/vietnamesemuseum.org\/vi\/#organization\",\"name\":\"Vietnamese Heritage Museum\",\"url\":\"https:\/\/vietnamesemuseum.org\/vi\/\",\"logo\":{\"@type\":\"ImageObject\",\"inLanguage\":\"vi-VN\",\"@id\":\"https:\/\/vietnamesemuseum.org\/vi\/#\/schema\/logo\/image\/\",\"url\":\"https:\/\/vietnamesemuseum.org\/wp-content\/uploads\/2018\/04\/VHCM_Logo_FINAL-1-e1525129203974.png\",\"contentUrl\":\"https:\/\/vietnamesemuseum.org\/wp-content\/uploads\/2018\/04\/VHCM_Logo_FINAL-1-e1525129203974.png\",\"width\":100,\"height\":82,\"caption\":\"Vietnamese Heritage Museum\"},\"image\":{\"@id\":\"https:\/\/vietnamesemuseum.org\/vi\/#\/schema\/logo\/image\/\"},\"sameAs\":[\"https:\/\/www.facebook.com\/vhmusa\",\"https:\/\/x.com\/vmuseum\",\"https:\/\/www.instagram.com\/vietnamesemuseum\/\",\"https:\/\/www.linkedin.com\/in\/vietnamese-heritage-museum\/\",\"https:\/\/www.youtube.com\/c\/VietnameseMuseum\/\"]}]}<\/script>\n<!-- \/ Yoast SEO plugin. -->","yoast_head_json":{"title":"Pulau Galang - Vietnamese Heritage Museum","robots":{"index":"index","follow":"follow","max-snippet":"max-snippet:-1","max-image-preview":"max-image-preview:large","max-video-preview":"max-video-preview:-1"},"canonical":"https:\/\/vietnamesemuseum.org\/vi\/pulau-galang\/","og_locale":"vi_VN","og_type":"article","og_title":"Pulau Galang - Vietnamese Heritage Museum","og_description":"[vc_row type=&#8221;in_container&#8221; full_screen_row_position=&#8221;middle&#8221; column_margin=&#8221;default&#8221; column_direction=&#8221;default&#8221; column_direction_tablet=&#8221;default&#8221; column_direction_phone=&#8221;default&#8221; scene_position=&#8221;center&#8221; text_color=&#8221;dark&#8221; text_align=&#8221;left&#8221; row_border_radius=&#8221;none&#8221; row_border_radius_applies=&#8221;bg&#8221; overlay_strength=&#8221;0.3&#8243; gradient_direction=&#8221;left_to_right&#8221; shape_divider_position=&#8221;bottom&#8221; bg_image_animation=&#8221;none&#8221;][vc_column column_padding=&#8221;no-extra-padding&#8221; column_padding_tablet=&#8221;inherit&#8221; column_padding_phone=&#8221;inherit&#8221; column_padding_position=&#8221;all&#8221; background_color_opacity=&#8221;1&#8243; background_hover_color_opacity=&#8221;1&#8243; column_shadow=&#8221;none&#8221; column_border_radius=&#8221;none&#8221; column_link_target=&#8221;_self&#8221; gradient_direction=&#8221;left_to_right&#8221; overlay_strength=&#8221;0.3&#8243; width=&#8221;1\/1&#8243; tablet_width_inherit=&#8221;default&#8221; tablet_text_alignment=&#8221;default&#8221;...","og_url":"https:\/\/vietnamesemuseum.org\/vi\/pulau-galang\/","og_site_name":"Vietnamese Heritage Museum","article_publisher":"https:\/\/www.facebook.com\/vhmusa","article_modified_time":"2022-04-10T23:22:35+00:00","og_image":[{"width":1346,"height":1100,"url":"https:\/\/vietnamesemuseum.org\/wp-content\/uploads\/2021\/08\/VHM_Logo_FINAL.jpg","type":"image\/jpeg"}],"twitter_card":"summary_large_image","twitter_site":"@vmuseum","twitter_misc":{"Est. reading time":"8 minutes"},"schema":{"@context":"https:\/\/schema.org","@graph":[{"@type":"WebPage","@id":"https:\/\/vietnamesemuseum.org\/vi\/pulau-galang\/","url":"https:\/\/vietnamesemuseum.org\/vi\/pulau-galang\/","name":"Pulau Galang - Vietnamese Heritage Museum","isPartOf":{"@id":"https:\/\/vietnamesemuseum.org\/vi\/#website"},"datePublished":"2020-10-25T06:54:02+00:00","dateModified":"2022-04-10T23:22:35+00:00","inLanguage":"vi-VN","potentialAction":[{"@type":"ReadAction","target":["https:\/\/vietnamesemuseum.org\/vi\/pulau-galang\/"]}]},{"@type":"WebSite","@id":"https:\/\/vietnamesemuseum.org\/vi\/#website","url":"https:\/\/vietnamesemuseum.org\/vi\/","name":"Vietnamese Heritage Museum","description":"Reflections of Vietnamese Refugees","publisher":{"@id":"https:\/\/vietnamesemuseum.org\/vi\/#organization"},"potentialAction":[{"@type":"SearchAction","target":{"@type":"EntryPoint","urlTemplate":"https:\/\/vietnamesemuseum.org\/vi\/?s={search_term_string}"},"query-input":{"@type":"PropertyValueSpecification","valueRequired":true,"valueName":"search_term_string"}}],"inLanguage":"vi-VN"},{"@type":"Organization","@id":"https:\/\/vietnamesemuseum.org\/vi\/#organization","name":"Vietnamese Heritage Museum","url":"https:\/\/vietnamesemuseum.org\/vi\/","logo":{"@type":"ImageObject","inLanguage":"vi-VN","@id":"https:\/\/vietnamesemuseum.org\/vi\/#\/schema\/logo\/image\/","url":"https:\/\/vietnamesemuseum.org\/wp-content\/uploads\/2018\/04\/VHCM_Logo_FINAL-1-e1525129203974.png","contentUrl":"https:\/\/vietnamesemuseum.org\/wp-content\/uploads\/2018\/04\/VHCM_Logo_FINAL-1-e1525129203974.png","width":100,"height":82,"caption":"Vietnamese Heritage Museum"},"image":{"@id":"https:\/\/vietnamesemuseum.org\/vi\/#\/schema\/logo\/image\/"},"sameAs":["https:\/\/www.facebook.com\/vhmusa","https:\/\/x.com\/vmuseum","https:\/\/www.instagram.com\/vietnamesemuseum\/","https:\/\/www.linkedin.com\/in\/vietnamese-heritage-museum\/","https:\/\/www.youtube.com\/c\/VietnameseMuseum\/"]}]}},"_links":{"self":[{"href":"https:\/\/vietnamesemuseum.org\/vi\/wp-json\/wp\/v2\/pages\/13898","targetHints":{"allow":["GET"]}}],"collection":[{"href":"https:\/\/vietnamesemuseum.org\/vi\/wp-json\/wp\/v2\/pages"}],"about":[{"href":"https:\/\/vietnamesemuseum.org\/vi\/wp-json\/wp\/v2\/types\/page"}],"author":[{"embeddable":true,"href":"https:\/\/vietnamesemuseum.org\/vi\/wp-json\/wp\/v2\/users\/336"}],"replies":[{"embeddable":true,"href":"https:\/\/vietnamesemuseum.org\/vi\/wp-json\/wp\/v2\/comments?post=13898"}],"version-history":[{"count":0,"href":"https:\/\/vietnamesemuseum.org\/vi\/wp-json\/wp\/v2\/pages\/13898\/revisions"}],"wp:attachment":[{"href":"https:\/\/vietnamesemuseum.org\/vi\/wp-json\/wp\/v2\/media?parent=13898"}],"curies":[{"name":"wp","href":"https:\/\/api.w.org\/{rel}","templated":true}]}}