{"id":13876,"date":"2020-10-24T23:48:32","date_gmt":"2020-10-25T06:48:32","guid":{"rendered":"https:\/\/vietnamesemuseum.org\/pulau-tengah\/"},"modified":"2022-04-08T15:36:02","modified_gmt":"2022-04-08T22:36:02","slug":"pulau-tengah","status":"publish","type":"page","link":"https:\/\/vietnamesemuseum.org\/vi\/pulau-tengah\/","title":{"rendered":"Pulau Tengah"},"content":{"rendered":"[vc_row type=&#8221;in_container&#8221; full_screen_row_position=&#8221;middle&#8221; column_margin=&#8221;default&#8221; column_direction=&#8221;default&#8221; column_direction_tablet=&#8221;default&#8221; column_direction_phone=&#8221;default&#8221; scene_position=&#8221;center&#8221; text_color=&#8221;dark&#8221; text_align=&#8221;left&#8221; row_border_radius=&#8221;none&#8221; row_border_radius_applies=&#8221;bg&#8221; overlay_strength=&#8221;0.3&#8243; gradient_direction=&#8221;left_to_right&#8221; shape_divider_position=&#8221;bottom&#8221; bg_image_animation=&#8221;none&#8221;][vc_column column_padding=&#8221;no-extra-padding&#8221; column_padding_tablet=&#8221;inherit&#8221; column_padding_phone=&#8221;inherit&#8221; column_padding_position=&#8221;all&#8221; background_color_opacity=&#8221;1&#8243; background_hover_color_opacity=&#8221;1&#8243; column_shadow=&#8221;none&#8221; column_border_radius=&#8221;none&#8221; column_link_target=&#8221;_self&#8221; gradient_direction=&#8221;left_to_right&#8221; overlay_strength=&#8221;0.3&#8243; width=&#8221;1\/1&#8243; tablet_width_inherit=&#8221;default&#8221; tablet_text_alignment=&#8221;default&#8221; phone_text_alignment=&#8221;default&#8221; column_border_width=&#8221;none&#8221; column_border_style=&#8221;solid&#8221; bg_image_animation=&#8221;none&#8221;][divider line_type=&#8221;No Line&#8221;][vc_column_text]\n<p class=\"indent\"><strong>Pulau Tengah\u00a0<\/strong>l\u00e0 m\u1ed9t ph\u1ea7n c\u1ee7a nh\u00f3m 3 h\u00f2n \u0111\u1ea3o: Pulau Babi Besar, Pulau Babi Tengah, v\u00e0 Pulau Babi Hujung. Mersing, c\u00e1ch \u0111\u00f3 kho\u1ea3ng 16 km, l\u00e0 th\u1ecb tr\u1ea5n tr\u00ean \u0111\u1ea5t li\u1ec1n g\u1ea7n nh\u1ea5t. Ba lo\u1ea1i r\u00f9a s\u1ed1ng v\u00e0 sinh s\u1ea3n tr\u00ean c\u00e1c h\u00f2n \u0111\u1ea3o, \u0111\u00e1ng ch\u00fa \u00fd nh\u1ea5t l\u00e0 \u1edf b\u1edd bi\u1ec3n ph\u00eda nam c\u1ee7a Pulau Tengah.<br \/>\nPulau Tengah l\u00e0 m\u1ed9t h\u00f2n \u0111\u1ea3o b\u00e3i bi\u1ec3n nh\u1ecf n\u1eb1m c\u00e1ch b\u1edd bi\u1ec3n Mersing 16 km ngo\u00e0i kh\u01a1i b\u1edd bi\u1ec3n ph\u00eda \u0111\u00f4ng Johor c\u1ee7a Malaysia; v\u00e0 c\u00e1ch Mersing 90 ph\u00fat \u0111i b\u1eb1ng thuy\u1ec1n. \u0110\u00f3 l\u00e0 m\u1ed9t tr\u1ea1i t\u1ef5 n\u1ea1n n\u1ed5i ti\u1ebfng c\u1ee7a thuy\u1ec1n nh\u00e2n Vi\u1ec7t Nam. Ng\u00e0y nay h\u00f2n \u0111\u1ea3o n\u00e0y \u0111\u00e3 tr\u1edf th\u00e0nh m\u1ed9t c\u00f4ng vi\u00ean qu\u1ed1c gia v\u00f9ng bi\u1ec3n c\u1ee7a \u0111\u1ea5t n\u01b0\u1edbc M\u00e3 Lai.<\/p>\n<p class=\"indent\"><b>V\u00e0o cu\u1ed1i nh\u1eefng n\u0103m th\u1eadp ni\u00ean 70 v\u00e0 \u0111\u1ea7u nh\u1eefng n\u0103m 1980<\/b>, Pulau Tengah l\u00e0 tr\u1ea1i tham v\u1ea5n v\u1ec1 t\u1ef5 n\u1ea1n c\u1ee7a Li\u00ean Hi\u1ec7p Qu\u1ed1c d\u00e0nh cho c\u00e1c \u201cthuy\u1ec1n nh\u00e2n\u201d Vi\u1ec7t Nam khi h\u1ecd ch\u1edd \u0111\u1ee3i \u0111\u1ec3 \u0111\u01b0\u1ee3c t\u00e1i \u0111\u1ecbnh c\u01b0 \u1edf Ch\u00e2u u, Ch\u00e2u \u00dac, hay B\u1eafc M\u1ef9. H\u00f2n \u0111\u1ea3o n\u00e0y tr\u1edf n\u00ean tr\u1ea1i chuy\u1ec3n ti\u1ebfp n\u1ed5i ti\u1ebfng ch\u1ee9a ng\u01b0\u1eddi t\u1ef5 n\u1ea1n Vi\u1ec7t Nam. Tr\u1ea1i t\u1ef5 n\u1ea1n n\u00e0y \u0111\u00e3 b\u1ecb \u0111\u00f3ng c\u1eeda v\u00e0o \u0111\u1ea7u nh\u1eefng th\u1eadp ni\u00ean 80.<\/p>\n<p class=\"indent\"><b>Sau khi tr\u1ea1i t\u1ef5 n\u1ea1n \u0111\u00f3ng c\u1eeda.<\/b> Ch\u00ednh ph\u1ee7 M\u00e3 Lai ch\u00ednh th\u1ee9c c\u00f4ng nh\u1eadn \u0111\u1ea3o n\u00e0y l\u00e0 m\u1ed9t c\u00f4ng vi\u00ean qu\u1ed1c gia v\u00f9ng bi\u1ec3n v\u00ec nh\u1eefng r\u1eb7ng san h\u00f4, v\u00e0o b\u1ea3o v\u1ec7 nh\u1eefng con r\u00f9a c\u00f3 l\u00f4ng kh\u1ed5ng l\u1ed3 th\u01b0\u1eddng v\u1ec1 \u0111\u1ebb tr\u1ee9ng \u1edf \u0111\u00f3 trong kho\u1ea3ng th\u1eddi gian t\u1eeb th\u00e1ng 6 \u0111\u1ebfn th\u00e1ng 8.<\/p>\n<p class=\"indent\"><b>T\u1eeb n\u0103m 1998 \u0111\u1ebfn n\u0103m 2010<\/b>, Pulau Tengah \u0111\u01b0\u1ee3c s\u1eed d\u1ee5ng \u0111\u1ec3 quay phim Expedition Robinson, m\u1ed9t ch\u01b0\u01a1ng tr\u00ecnh truy\u1ec1n h\u00ecnh r\u1ea5t n\u1ed5i ti\u1ebfng c\u1ee7a Th\u1ee5y \u0110i\u1ec3n, ti\u1ec1n th\u00e2n c\u1ee7a lo\u1ea1t phim nh\u1eefng thuy\u1ec1n nh\u00e2n s\u1ed1ng s\u00f3t tr\u00ean \u0111\u1ea3o.<\/p>\n<p>Ngu\u1ed3n: Wikipedia[\/vc_column_text][divider line_type=&#8221;No Line&#8221;][vc_gallery type=&#8221;flickity_static_height_style&#8221; images=&#8221;8586,8587,8588,8589,8590,8592,8593,8594,8595,8596,8597,8598,8599&#8243; flickity_spacing=&#8221;5px&#8221; flickity_controls=&#8221;none&#8221; flickity_overflow=&#8221;hidden&#8221; flickity_wrap_around=&#8221;wrap&#8221; flickity_autoplay=&#8221;true&#8221; flickity_box_shadow=&#8221;none&#8221; image_loading=&#8221;default&#8221; onclick=&#8221;link_image&#8221; flickity_img_height=&#8221;250&#8243; img_size=&#8221;250&#8243;][\/vc_column][\/vc_row][vc_row type=&#8221;in_container&#8221; full_screen_row_position=&#8221;middle&#8221; column_margin=&#8221;default&#8221; column_direction=&#8221;default&#8221; column_direction_tablet=&#8221;default&#8221; column_direction_phone=&#8221;default&#8221; scene_position=&#8221;center&#8221; text_color=&#8221;light&#8221; text_align=&#8221;center&#8221; row_border_radius=&#8221;none&#8221; row_border_radius_applies=&#8221;bg&#8221; overlay_strength=&#8221;0.3&#8243; gradient_direction=&#8221;left_to_right&#8221; shape_divider_position=&#8221;bottom&#8221; bg_image_animation=&#8221;none&#8221; shape_type=&#8221;&#8221;][vc_column column_padding=&#8221;no-extra-padding&#8221; column_padding_tablet=&#8221;inherit&#8221; column_padding_phone=&#8221;inherit&#8221; column_padding_position=&#8221;all&#8221; centered_text=&#8221;true&#8221; background_color_opacity=&#8221;1&#8243; background_color_hover=&#8221;#dda44d&#8221; background_hover_color_opacity=&#8221;0.4&#8243; font_color=&#8221;#dd8500&#8243; column_shadow=&#8221;none&#8221; column_border_radius=&#8221;10px&#8221; column_link_target=&#8221;_self&#8221; gradient_direction=&#8221;left_to_right&#8221; overlay_strength=&#8221;0.3&#8243; width=&#8221;1\/6&#8243; tablet_width_inherit=&#8221;default&#8221; tablet_text_alignment=&#8221;default&#8221; phone_text_alignment=&#8221;default&#8221; column_border_width=&#8221;4px&#8221; column_border_color=&#8221;#dd8500&#8243; bg_image_animation=&#8221;none&#8221; column_link=&#8221;https:\/\/vietnamesemuseum.org\/our-roots\/refugee-camps\/malaysia\/pulau-tengah\/photo\/&#8221;][nectar_icon icon_family=&#8221;fontawesome&#8221; icon_style=&#8221;default&#8221; icon_color_type=&#8221;color_scheme&#8221; icon_color=&#8221;Accent-Color&#8221; icon_padding=&#8221;10px&#8221; icon_fontawesome=&#8221;fa fa-picture-o&#8221; margin_top=&#8221;10&#8243; margin_bottom=&#8221;00&#8243;][vc_column_text css=&#8221;.vc_custom_1615848986084{padding-bottom: 10px !important;}&#8221;]\n<h3><span style=\"color: #dd8500;\">H\u00ccNH \u1ea2NH<\/span><\/h3>\n[\/vc_column_text][\/vc_column][vc_column column_padding=&#8221;no-extra-padding&#8221; column_padding_tablet=&#8221;inherit&#8221; column_padding_phone=&#8221;inherit&#8221; column_padding_position=&#8221;all&#8221; centered_text=&#8221;true&#8221; background_color_opacity=&#8221;1&#8243; background_color_hover=&#8221;#dda44d&#8221; background_hover_color_opacity=&#8221;0.4&#8243; font_color=&#8221;#dd8500&#8243; column_shadow=&#8221;none&#8221; column_border_radius=&#8221;10px&#8221; column_link_target=&#8221;_self&#8221; gradient_direction=&#8221;left_to_right&#8221; overlay_strength=&#8221;0.3&#8243; width=&#8221;1\/6&#8243; tablet_width_inherit=&#8221;default&#8221; tablet_text_alignment=&#8221;default&#8221; phone_text_alignment=&#8221;default&#8221; column_border_width=&#8221;4px&#8221; column_border_color=&#8221;#dd8500&#8243; bg_image_animation=&#8221;none&#8221; column_link=&#8221;https:\/\/vietnamesemuseum.org\/our-roots\/refugee-camps\/malaysia\/pulau-tengah\/artifact\/&#8221;][nectar_icon icon_family=&#8221;fontawesome&#8221; icon_style=&#8221;default&#8221; icon_color_type=&#8221;color_scheme&#8221; icon_color=&#8221;Accent-Color&#8221; icon_padding=&#8221;10px&#8221; icon_fontawesome=&#8221;fa fa-hourglass-o&#8221; margin_top=&#8221;10&#8243; margin_bottom=&#8221;00&#8243;][vc_column_text css=&#8221;.vc_custom_1615848997849{padding-bottom: 10px !important;}&#8221;]\n<h3><span style=\"color: #dd8500;\">HI\u1ec6N V\u1eacT<\/span><\/h3>\n[\/vc_column_text][\/vc_column][vc_column column_padding=&#8221;no-extra-padding&#8221; column_padding_tablet=&#8221;inherit&#8221; column_padding_phone=&#8221;inherit&#8221; column_padding_position=&#8221;all&#8221; centered_text=&#8221;true&#8221; background_color_opacity=&#8221;1&#8243; background_color_hover=&#8221;#dda44d&#8221; background_hover_color_opacity=&#8221;0.4&#8243; font_color=&#8221;#dd8500&#8243; column_shadow=&#8221;none&#8221; column_border_radius=&#8221;10px&#8221; column_link_target=&#8221;_self&#8221; gradient_direction=&#8221;left_to_right&#8221; overlay_strength=&#8221;0.3&#8243; width=&#8221;1\/6&#8243; tablet_width_inherit=&#8221;default&#8221; tablet_text_alignment=&#8221;default&#8221; phone_text_alignment=&#8221;default&#8221; column_border_width=&#8221;4px&#8221; column_border_color=&#8221;#dd8500&#8243; bg_image_animation=&#8221;none&#8221; column_link=&#8221;https:\/\/vietnamesemuseum.org\/our-roots\/refugee-camps\/malaysia\/pulau-tengah\/document\/&#8221;][nectar_icon icon_family=&#8221;fontawesome&#8221; icon_style=&#8221;default&#8221; icon_color_type=&#8221;color_scheme&#8221; icon_color=&#8221;Accent-Color&#8221; icon_padding=&#8221;10px&#8221; icon_fontawesome=&#8221;fa fa-file-text-o&#8221; margin_top=&#8221;10&#8243; margin_bottom=&#8221;00&#8243;][vc_column_text css=&#8221;.vc_custom_1615849007299{padding-bottom: 10px !important;}&#8221;]\n<h3><span style=\"color: #dd8500;\">T\u00c0I LI\u1ec6U<\/span><\/h3>\n[\/vc_column_text][\/vc_column][vc_column column_padding=&#8221;no-extra-padding&#8221; column_padding_tablet=&#8221;inherit&#8221; column_padding_phone=&#8221;inherit&#8221; column_padding_position=&#8221;all&#8221; centered_text=&#8221;true&#8221; background_color_opacity=&#8221;1&#8243; background_color_hover=&#8221;#dda44d&#8221; background_hover_color_opacity=&#8221;0.4&#8243; font_color=&#8221;#dd8500&#8243; column_shadow=&#8221;none&#8221; column_border_radius=&#8221;10px&#8221; column_link_target=&#8221;_blank&#8221; gradient_direction=&#8221;left_to_right&#8221; overlay_strength=&#8221;0.3&#8243; width=&#8221;1\/6&#8243; tablet_width_inherit=&#8221;default&#8221; tablet_text_alignment=&#8221;default&#8221; phone_text_alignment=&#8221;default&#8221; column_border_width=&#8221;4px&#8221; column_border_color=&#8221;#dd8500&#8243; bg_image_animation=&#8221;none&#8221; column_link=&#8221;https:\/\/vietnamesemuseum.org\/our-roots\/refugee-camps\/malaysia\/pulau-tengah\/video\/&#8221;][nectar_icon icon_family=&#8221;fontawesome&#8221; icon_style=&#8221;default&#8221; icon_color_type=&#8221;color_scheme&#8221; icon_color=&#8221;Accent-Color&#8221; icon_padding=&#8221;10px&#8221; icon_fontawesome=&#8221;fa fa-film&#8221; margin_top=&#8221;10&#8243; margin_bottom=&#8221;00&#8243;][vc_column_text css=&#8221;.vc_custom_1615849017220{padding-bottom: 10px !important;}&#8221;]\n<h3><span style=\"color: #dd8500;\">VIDEO<\/span><\/h3>\n[\/vc_column_text][\/vc_column][vc_column column_padding=&#8221;no-extra-padding&#8221; column_padding_tablet=&#8221;inherit&#8221; column_padding_phone=&#8221;inherit&#8221; column_padding_position=&#8221;all&#8221; centered_text=&#8221;true&#8221; background_color_opacity=&#8221;1&#8243; background_color_hover=&#8221;#dda44d&#8221; background_hover_color_opacity=&#8221;0.4&#8243; font_color=&#8221;#dd8500&#8243; column_shadow=&#8221;none&#8221; column_border_radius=&#8221;10px&#8221; column_link_target=&#8221;_self&#8221; gradient_direction=&#8221;left_to_right&#8221; overlay_strength=&#8221;0.3&#8243; width=&#8221;1\/6&#8243; tablet_width_inherit=&#8221;default&#8221; tablet_text_alignment=&#8221;default&#8221; phone_text_alignment=&#8221;default&#8221; column_border_width=&#8221;4px&#8221; column_border_color=&#8221;#dd8500&#8243; bg_image_animation=&#8221;none&#8221; column_link=&#8221;https:\/\/vietnamesemuseum.org\/our-roots\/refugee-camps\/malaysia\/pulau-tengah\/id-card\/&#8221;][nectar_icon icon_family=&#8221;fontawesome&#8221; icon_style=&#8221;default&#8221; icon_color_type=&#8221;color_scheme&#8221; icon_color=&#8221;Accent-Color&#8221; icon_padding=&#8221;10px&#8221; icon_fontawesome=&#8221;fa fa-address-card-o&#8221; margin_top=&#8221;10&#8243; margin_bottom=&#8221;00&#8243;][vc_column_text css=&#8221;.vc_custom_1615849027137{padding-bottom: 10px !important;}&#8221;]\n<h3><span style=\"color: #dd8500;\">TH\u1eba C\u0102N C\u01af\u1edaC<\/span><\/h3>\n[\/vc_column_text][\/vc_column][vc_column column_padding=&#8221;no-extra-padding&#8221; column_padding_tablet=&#8221;inherit&#8221; column_padding_phone=&#8221;inherit&#8221; column_padding_position=&#8221;all&#8221; centered_text=&#8221;true&#8221; background_color_opacity=&#8221;1&#8243; background_color_hover=&#8221;#dda44d&#8221; background_hover_color_opacity=&#8221;0.4&#8243; font_color=&#8221;#dd8500&#8243; column_shadow=&#8221;none&#8221; column_border_radius=&#8221;10px&#8221; column_link_target=&#8221;_blank&#8221; gradient_direction=&#8221;left_to_right&#8221; overlay_strength=&#8221;0.3&#8243; width=&#8221;1\/6&#8243; tablet_width_inherit=&#8221;default&#8221; tablet_text_alignment=&#8221;default&#8221; phone_text_alignment=&#8221;default&#8221; column_border_width=&#8221;4px&#8221; column_border_color=&#8221;#dd8500&#8243; bg_image_animation=&#8221;none&#8221; column_link=&#8221;https:\/\/vietnamesemuseum.org\/our-roots\/refugee-camps\/malaysia\/pulau-tengah\/story\/&#8221;][nectar_icon icon_family=&#8221;fontawesome&#8221; icon_style=&#8221;default&#8221; icon_color_type=&#8221;color_scheme&#8221; icon_color=&#8221;Accent-Color&#8221; icon_padding=&#8221;10px&#8221; icon_fontawesome=&#8221;fa fa-book&#8221; margin_top=&#8221;10&#8243; margin_bottom=&#8221;00&#8243;][vc_column_text css=&#8221;.vc_custom_1615849036281{padding-bottom: 10px !important;}&#8221;]\n<h3><span style=\"color: #dd8500;\">CHUY\u1ec6N K\u1ec2<\/span><\/h3>\n[\/vc_column_text][\/vc_column][\/vc_row][vc_row type=&#8221;in_container&#8221; full_screen_row_position=&#8221;middle&#8221; column_margin=&#8221;default&#8221; column_direction=&#8221;default&#8221; column_direction_tablet=&#8221;default&#8221; column_direction_phone=&#8221;default&#8221; scene_position=&#8221;center&#8221; text_color=&#8221;dark&#8221; text_align=&#8221;left&#8221; row_border_radius=&#8221;none&#8221; row_border_radius_applies=&#8221;bg&#8221; overlay_strength=&#8221;0.3&#8243; gradient_direction=&#8221;left_to_right&#8221; shape_divider_position=&#8221;bottom&#8221; bg_image_animation=&#8221;none&#8221;][vc_column column_padding=&#8221;no-extra-padding&#8221; column_padding_tablet=&#8221;inherit&#8221; column_padding_phone=&#8221;inherit&#8221; column_padding_position=&#8221;all&#8221; background_color_opacity=&#8221;1&#8243; background_hover_color_opacity=&#8221;1&#8243; column_shadow=&#8221;none&#8221; column_border_radius=&#8221;none&#8221; column_link_target=&#8221;_self&#8221; gradient_direction=&#8221;left_to_right&#8221; overlay_strength=&#8221;0.3&#8243; width=&#8221;1\/1&#8243; tablet_width_inherit=&#8221;default&#8221; tablet_text_alignment=&#8221;default&#8221; phone_text_alignment=&#8221;default&#8221; column_border_width=&#8221;none&#8221; column_border_style=&#8221;solid&#8221; bg_image_animation=&#8221;none&#8221;][vc_raw_html]PGlmcmFtZSBzcmM9Imh0dHBzOi8vd3d3Lmdvb2dsZS5jb20vbWFwcy9kL3UvMC9lbWJlZD9taWQ9MW5UM1RRUFhPWkVUZGVOSXVTN21EaTJ1NzZuc2k5RXdFJmFtcDtsbD0yLjY0NDgwMTQwNTE0ODUzNjIlMkMxMDMuOTQyODIyNzQ5Nzg5NTgmYW1wO3o9OCIgd2lkdGg9IjEwMCUiIGhlaWdodD0iNDUwIiBmcmFtZWJvcmRlcj0iMCIgc3R5bGU9ImJvcmRlcjowOyIgYWxsb3dmdWxsc2NyZWVuPSIiIGFyaWEtaGlkZGVuPSJmYWxzZSIgdGFiaW5kZXg9IjAiPjwvaWZyYW1lPg==[\/vc_raw_html][divider line_type=&#8221;No Line&#8221;][\/vc_column][\/vc_row]\n","protected":false},"excerpt":{"rendered":"<p>[vc_row type=&#8221;in_container&#8221; full_screen_row_position=&#8221;middle&#8221; column_margin=&#8221;default&#8221; column_direction=&#8221;default&#8221; column_direction_tablet=&#8221;default&#8221; column_direction_phone=&#8221;default&#8221; scene_position=&#8221;center&#8221; text_color=&#8221;dark&#8221; text_align=&#8221;left&#8221; row_border_radius=&#8221;none&#8221; row_border_radius_applies=&#8221;bg&#8221; overlay_strength=&#8221;0.3&#8243; gradient_direction=&#8221;left_to_right&#8221; shape_divider_position=&#8221;bottom&#8221; bg_image_animation=&#8221;none&#8221;][vc_column column_padding=&#8221;no-extra-padding&#8221; column_padding_tablet=&#8221;inherit&#8221; column_padding_phone=&#8221;inherit&#8221; column_padding_position=&#8221;all&#8221; background_color_opacity=&#8221;1&#8243; background_hover_color_opacity=&#8221;1&#8243; column_shadow=&#8221;none&#8221; column_border_radius=&#8221;none&#8221; column_link_target=&#8221;_self&#8221; gradient_direction=&#8221;left_to_right&#8221; overlay_strength=&#8221;0.3&#8243; width=&#8221;1\/1&#8243; tablet_width_inherit=&#8221;default&#8221; tablet_text_alignment=&#8221;default&#8221;&#8230;<\/p>\n","protected":false},"author":336,"featured_media":0,"parent":0,"menu_order":20,"comment_status":"closed","ping_status":"closed","template":"","meta":{"nf_dc_page":"","footnotes":""},"class_list":["post-13876","page","type-page","status-publish"],"yoast_head":"<!-- This site is optimized with the Yoast SEO plugin v26.9 - https:\/\/yoast.com\/product\/yoast-seo-wordpress\/ -->\n<title>Pulau Tengah - Vietnamese Heritage Museum<\/title>\n<meta name=\"robots\" content=\"index, follow, max-snippet:-1, max-image-preview:large, max-video-preview:-1\" \/>\n<link rel=\"canonical\" href=\"https:\/\/vietnamesemuseum.org\/vi\/pulau-tengah\/\" \/>\n<meta property=\"og:locale\" content=\"vi_VN\" \/>\n<meta property=\"og:type\" content=\"article\" \/>\n<meta property=\"og:title\" content=\"Pulau Tengah - Vietnamese Heritage Museum\" \/>\n<meta property=\"og:description\" content=\"[vc_row type=&#8221;in_container&#8221; full_screen_row_position=&#8221;middle&#8221; column_margin=&#8221;default&#8221; column_direction=&#8221;default&#8221; column_direction_tablet=&#8221;default&#8221; column_direction_phone=&#8221;default&#8221; scene_position=&#8221;center&#8221; text_color=&#8221;dark&#8221; text_align=&#8221;left&#8221; row_border_radius=&#8221;none&#8221; row_border_radius_applies=&#8221;bg&#8221; overlay_strength=&#8221;0.3&#8243; gradient_direction=&#8221;left_to_right&#8221; shape_divider_position=&#8221;bottom&#8221; bg_image_animation=&#8221;none&#8221;][vc_column column_padding=&#8221;no-extra-padding&#8221; column_padding_tablet=&#8221;inherit&#8221; column_padding_phone=&#8221;inherit&#8221; column_padding_position=&#8221;all&#8221; background_color_opacity=&#8221;1&#8243; background_hover_color_opacity=&#8221;1&#8243; column_shadow=&#8221;none&#8221; column_border_radius=&#8221;none&#8221; column_link_target=&#8221;_self&#8221; gradient_direction=&#8221;left_to_right&#8221; overlay_strength=&#8221;0.3&#8243; width=&#8221;1\/1&#8243; tablet_width_inherit=&#8221;default&#8221; tablet_text_alignment=&#8221;default&#8221;...\" \/>\n<meta property=\"og:url\" content=\"https:\/\/vietnamesemuseum.org\/vi\/pulau-tengah\/\" \/>\n<meta property=\"og:site_name\" content=\"Vietnamese Heritage Museum\" \/>\n<meta property=\"article:publisher\" content=\"https:\/\/www.facebook.com\/vhmusa\" \/>\n<meta property=\"article:modified_time\" content=\"2022-04-08T22:36:02+00:00\" \/>\n<meta property=\"og:image\" content=\"https:\/\/vietnamesemuseum.org\/wp-content\/uploads\/2021\/08\/VHM_Logo_FINAL.jpg\" \/>\n\t<meta property=\"og:image:width\" content=\"1346\" \/>\n\t<meta property=\"og:image:height\" content=\"1100\" \/>\n\t<meta property=\"og:image:type\" content=\"image\/jpeg\" \/>\n<meta name=\"twitter:card\" content=\"summary_large_image\" \/>\n<meta name=\"twitter:site\" content=\"@vmuseum\" \/>\n<meta name=\"twitter:label1\" content=\"Est. reading time\" \/>\n\t<meta name=\"twitter:data1\" content=\"8 minutes\" \/>\n<script type=\"application\/ld+json\" class=\"yoast-schema-graph\">{\"@context\":\"https:\/\/schema.org\",\"@graph\":[{\"@type\":\"WebPage\",\"@id\":\"https:\/\/vietnamesemuseum.org\/vi\/pulau-tengah\/\",\"url\":\"https:\/\/vietnamesemuseum.org\/vi\/pulau-tengah\/\",\"name\":\"Pulau Tengah - Vietnamese Heritage Museum\",\"isPartOf\":{\"@id\":\"https:\/\/vietnamesemuseum.org\/vi\/#website\"},\"datePublished\":\"2020-10-25T06:48:32+00:00\",\"dateModified\":\"2022-04-08T22:36:02+00:00\",\"inLanguage\":\"vi-VN\",\"potentialAction\":[{\"@type\":\"ReadAction\",\"target\":[\"https:\/\/vietnamesemuseum.org\/vi\/pulau-tengah\/\"]}]},{\"@type\":\"WebSite\",\"@id\":\"https:\/\/vietnamesemuseum.org\/vi\/#website\",\"url\":\"https:\/\/vietnamesemuseum.org\/vi\/\",\"name\":\"Vietnamese Heritage Museum\",\"description\":\"Reflections of Vietnamese Refugees\",\"publisher\":{\"@id\":\"https:\/\/vietnamesemuseum.org\/vi\/#organization\"},\"potentialAction\":[{\"@type\":\"SearchAction\",\"target\":{\"@type\":\"EntryPoint\",\"urlTemplate\":\"https:\/\/vietnamesemuseum.org\/vi\/?s={search_term_string}\"},\"query-input\":{\"@type\":\"PropertyValueSpecification\",\"valueRequired\":true,\"valueName\":\"search_term_string\"}}],\"inLanguage\":\"vi-VN\"},{\"@type\":\"Organization\",\"@id\":\"https:\/\/vietnamesemuseum.org\/vi\/#organization\",\"name\":\"Vietnamese Heritage Museum\",\"url\":\"https:\/\/vietnamesemuseum.org\/vi\/\",\"logo\":{\"@type\":\"ImageObject\",\"inLanguage\":\"vi-VN\",\"@id\":\"https:\/\/vietnamesemuseum.org\/vi\/#\/schema\/logo\/image\/\",\"url\":\"https:\/\/vietnamesemuseum.org\/wp-content\/uploads\/2018\/04\/VHCM_Logo_FINAL-1-e1525129203974.png\",\"contentUrl\":\"https:\/\/vietnamesemuseum.org\/wp-content\/uploads\/2018\/04\/VHCM_Logo_FINAL-1-e1525129203974.png\",\"width\":100,\"height\":82,\"caption\":\"Vietnamese Heritage Museum\"},\"image\":{\"@id\":\"https:\/\/vietnamesemuseum.org\/vi\/#\/schema\/logo\/image\/\"},\"sameAs\":[\"https:\/\/www.facebook.com\/vhmusa\",\"https:\/\/x.com\/vmuseum\",\"https:\/\/www.instagram.com\/vietnamesemuseum\/\",\"https:\/\/www.linkedin.com\/in\/vietnamese-heritage-museum\/\",\"https:\/\/www.youtube.com\/c\/VietnameseMuseum\/\"]}]}<\/script>\n<!-- \/ Yoast SEO plugin. -->","yoast_head_json":{"title":"Pulau Tengah - Vietnamese Heritage Museum","robots":{"index":"index","follow":"follow","max-snippet":"max-snippet:-1","max-image-preview":"max-image-preview:large","max-video-preview":"max-video-preview:-1"},"canonical":"https:\/\/vietnamesemuseum.org\/vi\/pulau-tengah\/","og_locale":"vi_VN","og_type":"article","og_title":"Pulau Tengah - Vietnamese Heritage Museum","og_description":"[vc_row type=&#8221;in_container&#8221; full_screen_row_position=&#8221;middle&#8221; column_margin=&#8221;default&#8221; column_direction=&#8221;default&#8221; column_direction_tablet=&#8221;default&#8221; column_direction_phone=&#8221;default&#8221; scene_position=&#8221;center&#8221; text_color=&#8221;dark&#8221; text_align=&#8221;left&#8221; row_border_radius=&#8221;none&#8221; row_border_radius_applies=&#8221;bg&#8221; overlay_strength=&#8221;0.3&#8243; gradient_direction=&#8221;left_to_right&#8221; shape_divider_position=&#8221;bottom&#8221; bg_image_animation=&#8221;none&#8221;][vc_column column_padding=&#8221;no-extra-padding&#8221; column_padding_tablet=&#8221;inherit&#8221; column_padding_phone=&#8221;inherit&#8221; column_padding_position=&#8221;all&#8221; background_color_opacity=&#8221;1&#8243; background_hover_color_opacity=&#8221;1&#8243; column_shadow=&#8221;none&#8221; column_border_radius=&#8221;none&#8221; column_link_target=&#8221;_self&#8221; gradient_direction=&#8221;left_to_right&#8221; overlay_strength=&#8221;0.3&#8243; width=&#8221;1\/1&#8243; tablet_width_inherit=&#8221;default&#8221; tablet_text_alignment=&#8221;default&#8221;...","og_url":"https:\/\/vietnamesemuseum.org\/vi\/pulau-tengah\/","og_site_name":"Vietnamese Heritage Museum","article_publisher":"https:\/\/www.facebook.com\/vhmusa","article_modified_time":"2022-04-08T22:36:02+00:00","og_image":[{"width":1346,"height":1100,"url":"https:\/\/vietnamesemuseum.org\/wp-content\/uploads\/2021\/08\/VHM_Logo_FINAL.jpg","type":"image\/jpeg"}],"twitter_card":"summary_large_image","twitter_site":"@vmuseum","twitter_misc":{"Est. reading time":"8 minutes"},"schema":{"@context":"https:\/\/schema.org","@graph":[{"@type":"WebPage","@id":"https:\/\/vietnamesemuseum.org\/vi\/pulau-tengah\/","url":"https:\/\/vietnamesemuseum.org\/vi\/pulau-tengah\/","name":"Pulau Tengah - Vietnamese Heritage Museum","isPartOf":{"@id":"https:\/\/vietnamesemuseum.org\/vi\/#website"},"datePublished":"2020-10-25T06:48:32+00:00","dateModified":"2022-04-08T22:36:02+00:00","inLanguage":"vi-VN","potentialAction":[{"@type":"ReadAction","target":["https:\/\/vietnamesemuseum.org\/vi\/pulau-tengah\/"]}]},{"@type":"WebSite","@id":"https:\/\/vietnamesemuseum.org\/vi\/#website","url":"https:\/\/vietnamesemuseum.org\/vi\/","name":"Vietnamese Heritage Museum","description":"Reflections of Vietnamese Refugees","publisher":{"@id":"https:\/\/vietnamesemuseum.org\/vi\/#organization"},"potentialAction":[{"@type":"SearchAction","target":{"@type":"EntryPoint","urlTemplate":"https:\/\/vietnamesemuseum.org\/vi\/?s={search_term_string}"},"query-input":{"@type":"PropertyValueSpecification","valueRequired":true,"valueName":"search_term_string"}}],"inLanguage":"vi-VN"},{"@type":"Organization","@id":"https:\/\/vietnamesemuseum.org\/vi\/#organization","name":"Vietnamese Heritage Museum","url":"https:\/\/vietnamesemuseum.org\/vi\/","logo":{"@type":"ImageObject","inLanguage":"vi-VN","@id":"https:\/\/vietnamesemuseum.org\/vi\/#\/schema\/logo\/image\/","url":"https:\/\/vietnamesemuseum.org\/wp-content\/uploads\/2018\/04\/VHCM_Logo_FINAL-1-e1525129203974.png","contentUrl":"https:\/\/vietnamesemuseum.org\/wp-content\/uploads\/2018\/04\/VHCM_Logo_FINAL-1-e1525129203974.png","width":100,"height":82,"caption":"Vietnamese Heritage Museum"},"image":{"@id":"https:\/\/vietnamesemuseum.org\/vi\/#\/schema\/logo\/image\/"},"sameAs":["https:\/\/www.facebook.com\/vhmusa","https:\/\/x.com\/vmuseum","https:\/\/www.instagram.com\/vietnamesemuseum\/","https:\/\/www.linkedin.com\/in\/vietnamese-heritage-museum\/","https:\/\/www.youtube.com\/c\/VietnameseMuseum\/"]}]}},"_links":{"self":[{"href":"https:\/\/vietnamesemuseum.org\/vi\/wp-json\/wp\/v2\/pages\/13876","targetHints":{"allow":["GET"]}}],"collection":[{"href":"https:\/\/vietnamesemuseum.org\/vi\/wp-json\/wp\/v2\/pages"}],"about":[{"href":"https:\/\/vietnamesemuseum.org\/vi\/wp-json\/wp\/v2\/types\/page"}],"author":[{"embeddable":true,"href":"https:\/\/vietnamesemuseum.org\/vi\/wp-json\/wp\/v2\/users\/336"}],"replies":[{"embeddable":true,"href":"https:\/\/vietnamesemuseum.org\/vi\/wp-json\/wp\/v2\/comments?post=13876"}],"version-history":[{"count":0,"href":"https:\/\/vietnamesemuseum.org\/vi\/wp-json\/wp\/v2\/pages\/13876\/revisions"}],"wp:attachment":[{"href":"https:\/\/vietnamesemuseum.org\/vi\/wp-json\/wp\/v2\/media?parent=13876"}],"curies":[{"name":"wp","href":"https:\/\/api.w.org\/{rel}","templated":true}]}}