{"id":13457,"date":"2020-08-19T13:21:24","date_gmt":"2020-08-19T20:21:24","guid":{"rendered":"https:\/\/vietnamesemuseum.org\/ve-vhm\/"},"modified":"2022-01-18T21:31:44","modified_gmt":"2022-01-19T05:31:44","slug":"ve-vhm","status":"publish","type":"page","link":"https:\/\/vietnamesemuseum.org\/vi\/ve-vhm\/","title":{"rendered":"V\u1ec1 VHM"},"content":{"rendered":"[vc_row type=&#8221;full_width_content&#8221; full_screen_row_position=&#8221;middle&#8221; column_margin=&#8221;default&#8221; equal_height=&#8221;yes&#8221; content_placement=&#8221;middle&#8221; column_direction=&#8221;default&#8221; column_direction_tablet=&#8221;default&#8221; column_direction_phone=&#8221;default&#8221; bg_color=&#8221;#dd8500&#8243; scene_position=&#8221;center&#8221; text_color=&#8221;light&#8221; text_align=&#8221;left&#8221; row_border_radius=&#8221;none&#8221; row_border_radius_applies=&#8221;bg&#8221; overlay_strength=&#8221;0.3&#8243; gradient_direction=&#8221;left_to_right&#8221; shape_divider_position=&#8221;bottom&#8221; bg_image_animation=&#8221;none&#8221; shape_type=&#8221;&#8221;][vc_column column_padding=&#8221;no-extra-padding&#8221; column_padding_tablet=&#8221;inherit&#8221; column_padding_phone=&#8221;inherit&#8221; column_padding_position=&#8221;all&#8221; centered_text=&#8221;true&#8221; background_color_opacity=&#8221;1&#8243; background_hover_color_opacity=&#8221;1&#8243; background_image=&#8221;6341&#8243; background_image_position=&#8221;center center&#8221; enable_bg_scale=&#8221;true&#8221; column_shadow=&#8221;none&#8221; column_border_radius=&#8221;none&#8221; column_link_target=&#8221;_self&#8221; gradient_direction=&#8221;left_to_right&#8221; overlay_strength=&#8221;0.3&#8243; width=&#8221;1\/2&#8243; tablet_width_inherit=&#8221;default&#8221; tablet_text_alignment=&#8221;default&#8221; phone_text_alignment=&#8221;default&#8221; column_border_width=&#8221;none&#8221; column_border_style=&#8221;solid&#8221; bg_image_animation=&#8221;none&#8221;][\/vc_column][vc_column column_padding=&#8221;padding-5-percent&#8221; column_padding_tablet=&#8221;inherit&#8221; column_padding_phone=&#8221;inherit&#8221; column_padding_position=&#8221;all&#8221; background_color_opacity=&#8221;1&#8243; background_hover_color_opacity=&#8221;1&#8243; font_color=&#8221;#ffffff&#8221; column_shadow=&#8221;none&#8221; column_border_radius=&#8221;none&#8221; column_link_target=&#8221;_self&#8221; gradient_direction=&#8221;left_to_right&#8221; overlay_strength=&#8221;0.3&#8243; width=&#8221;1\/2&#8243; tablet_width_inherit=&#8221;default&#8221; tablet_text_alignment=&#8221;default&#8221; phone_text_alignment=&#8221;default&#8221; column_border_width=&#8221;none&#8221; column_border_style=&#8221;solid&#8221; bg_image_animation=&#8221;none&#8221;][vc_column_text]\n<h1>Vi\u1ec7n B\u1ea3o T\u00e0ng Di S\u1ea3n Ng\u01b0\u1eddi Vi\u1ec7t<\/h1>\n[\/vc_column_text][divider line_type=&#8221;Full Width Line&#8221; line_thickness=&#8221;5&#8243; divider_color=&#8221;extra-color-2&#8243;][divider line_type=&#8221;No Line&#8221; custom_height=&#8221;10&#8243;][vc_column_text]Vi\u1ec7n B\u1ea3o T\u00e0ng Di S\u1ea3n Ng\u01b0\u1eddi Vi\u1ec7t l\u00e0 m\u1ed9t t\u1ed5 ch\u1ee9c v\u00f4 v\u1ee5 l\u1ee3i 501 (c) (3) v\u1edbi m\u1ee5c \u0111\u00edch b\u1ea3o t\u1ed3n v\u00e0 gi\u1edbi thi\u1ec7u di s\u1ea3n c\u1ee7a Ng\u01b0\u1eddi Vi\u1ec7t T\u1ef5 N\u1ea1n. VHM thu th\u1eadp, l\u01b0u gi\u1eef, v\u00e0 ph\u1ed5 bi\u1ebfn c\u00e1c t\u00e0i li\u1ec7u, hi\u1ec7n v\u1eadt, v\u00e0 chuy\u1ec7n k\u1ec3 v\u1ec1 Ng\u01b0\u1eddi Vi\u1ec7t T\u1ef5 N\u1ea1n trong m\u1ee5c \u0111\u00edch g\u00ecn gi\u1eef nh\u1eefng di s\u1ea3n n\u00e0y cho c\u00e1c th\u1ebf h\u1ec7 hi\u1ec7n t\u1ea1i v\u00e0 t\u01b0\u01a1ng lai \u0111\u1ec3 bi\u1ebft v\u1ec1 c\u1ed9i ngu\u1ed3n.[\/vc_column_text][\/vc_column][\/vc_row][vc_row type=&#8221;full_width_content&#8221; full_screen_row_position=&#8221;middle&#8221; column_margin=&#8221;default&#8221; equal_height=&#8221;yes&#8221; content_placement=&#8221;middle&#8221; column_direction=&#8221;reverse&#8221; column_direction_tablet=&#8221;default&#8221; column_direction_phone=&#8221;default&#8221; bg_color=&#8221;#dd8500&#8243; scene_position=&#8221;center&#8221; text_color=&#8221;light&#8221; text_align=&#8221;left&#8221; row_border_radius=&#8221;none&#8221; row_border_radius_applies=&#8221;bg&#8221; overlay_strength=&#8221;0.3&#8243; gradient_direction=&#8221;left_to_right&#8221; shape_divider_position=&#8221;bottom&#8221; bg_image_animation=&#8221;none&#8221; shape_type=&#8221;&#8221;][vc_column column_padding=&#8221;no-extra-padding&#8221; column_padding_tablet=&#8221;inherit&#8221; column_padding_phone=&#8221;inherit&#8221; column_padding_position=&#8221;all&#8221; centered_text=&#8221;true&#8221; background_color_opacity=&#8221;1&#8243; background_hover_color_opacity=&#8221;1&#8243; background_image=&#8221;6342&#8243; background_image_position=&#8221;center center&#8221; enable_bg_scale=&#8221;true&#8221; column_shadow=&#8221;none&#8221; column_border_radius=&#8221;none&#8221; column_link_target=&#8221;_self&#8221; gradient_direction=&#8221;left_to_right&#8221; overlay_strength=&#8221;0.3&#8243; width=&#8221;1\/2&#8243; tablet_width_inherit=&#8221;default&#8221; tablet_text_alignment=&#8221;default&#8221; phone_text_alignment=&#8221;default&#8221; column_border_width=&#8221;none&#8221; column_border_style=&#8221;solid&#8221; bg_image_animation=&#8221;none&#8221;][\/vc_column][vc_column column_padding=&#8221;padding-5-percent&#8221; column_padding_tablet=&#8221;inherit&#8221; column_padding_phone=&#8221;inherit&#8221; column_padding_position=&#8221;all&#8221; background_color_opacity=&#8221;1&#8243; background_hover_color_opacity=&#8221;1&#8243; font_color=&#8221;#ffffff&#8221; column_shadow=&#8221;none&#8221; column_border_radius=&#8221;none&#8221; column_link_target=&#8221;_self&#8221; gradient_direction=&#8221;left_to_right&#8221; overlay_strength=&#8221;0.3&#8243; width=&#8221;1\/2&#8243; tablet_width_inherit=&#8221;default&#8221; tablet_text_alignment=&#8221;default&#8221; phone_text_alignment=&#8221;default&#8221; column_border_width=&#8221;none&#8221; column_border_style=&#8221;solid&#8221; bg_image_animation=&#8221;none&#8221;][divider line_type=&#8221;No Line&#8221; custom_height=&#8221;30&#8243;][divider line_type=&#8221;No Line&#8221; custom_height=&#8221;30&#8243;][vc_column_text]\n<h1>S\u1ee9 M\u1ea1ng<\/h1>\n[\/vc_column_text][divider line_type=&#8221;Full Width Line&#8221; line_thickness=&#8221;5&#8243; divider_color=&#8221;extra-color-2&#8243;][divider line_type=&#8221;No Line&#8221; custom_height=&#8221;10&#8243;][vc_column_text]<span style=\"font-weight: 400;\">S\u1ee9 m\u1ea1ng c\u1ee7a Vi\u1ec7n B\u1ea3o T\u00e0ng Di S\u1ea3n Ng\u01b0\u1eddi Vi\u1ec7t l\u00e0 h\u01b0\u1edbng d\u1eabn, ph\u1ed5 bi\u1ebfn, chia s\u1ebb v\u00e0 l\u01b0u tr\u1eef nh\u1eefng di s\u1ea3n c\u1ee7a Ng\u01b0\u1eddi Vi\u1ec7t T\u1ef5 N\u1ea1n.<\/span>[\/vc_column_text][divider line_type=&#8221;No Line&#8221; custom_height=&#8221;60&#8243;][\/vc_column][\/vc_row][vc_row type=&#8221;full_width_content&#8221; full_screen_row_position=&#8221;middle&#8221; column_margin=&#8221;default&#8221; equal_height=&#8221;yes&#8221; content_placement=&#8221;middle&#8221; column_direction=&#8221;default&#8221; column_direction_tablet=&#8221;default&#8221; column_direction_phone=&#8221;default&#8221; bg_color=&#8221;#dd8500&#8243; scene_position=&#8221;center&#8221; text_color=&#8221;light&#8221; text_align=&#8221;left&#8221; row_border_radius=&#8221;none&#8221; row_border_radius_applies=&#8221;bg&#8221; overlay_strength=&#8221;0.3&#8243; gradient_direction=&#8221;left_to_right&#8221; shape_divider_position=&#8221;bottom&#8221; bg_image_animation=&#8221;none&#8221; shape_type=&#8221;&#8221;][vc_column column_padding=&#8221;no-extra-padding&#8221; column_padding_tablet=&#8221;inherit&#8221; column_padding_phone=&#8221;inherit&#8221; column_padding_position=&#8221;all&#8221; centered_text=&#8221;true&#8221; background_color_opacity=&#8221;1&#8243; background_hover_color_opacity=&#8221;1&#8243; background_image=&#8221;6343&#8243; background_image_position=&#8221;center center&#8221; enable_bg_scale=&#8221;true&#8221; column_shadow=&#8221;none&#8221; column_border_radius=&#8221;none&#8221; column_link_target=&#8221;_self&#8221; gradient_direction=&#8221;left_to_right&#8221; overlay_strength=&#8221;0.3&#8243; width=&#8221;1\/2&#8243; tablet_width_inherit=&#8221;default&#8221; tablet_text_alignment=&#8221;default&#8221; phone_text_alignment=&#8221;default&#8221; column_border_width=&#8221;none&#8221; column_border_style=&#8221;solid&#8221; bg_image_animation=&#8221;none&#8221;][\/vc_column][vc_column column_padding=&#8221;padding-5-percent&#8221; column_padding_tablet=&#8221;inherit&#8221; column_padding_phone=&#8221;inherit&#8221; column_padding_position=&#8221;all&#8221; background_color_opacity=&#8221;1&#8243; background_hover_color_opacity=&#8221;1&#8243; font_color=&#8221;#ffffff&#8221; column_shadow=&#8221;none&#8221; column_border_radius=&#8221;none&#8221; column_link_target=&#8221;_self&#8221; gradient_direction=&#8221;left_to_right&#8221; overlay_strength=&#8221;0.3&#8243; width=&#8221;1\/2&#8243; tablet_width_inherit=&#8221;default&#8221; tablet_text_alignment=&#8221;default&#8221; phone_text_alignment=&#8221;default&#8221; column_border_width=&#8221;none&#8221; column_border_style=&#8221;solid&#8221; bg_image_animation=&#8221;none&#8221;][vc_column_text]\n<h1>\u0110\u1ecbnh H\u01b0\u1edbng<\/h1>\n[\/vc_column_text][divider line_type=&#8221;Full Width Line&#8221; line_thickness=&#8221;5&#8243; divider_color=&#8221;extra-color-2&#8243;][divider line_type=&#8221;No Line&#8221; custom_height=&#8221;10&#8243;][vc_column_text]<span style=\"font-weight: 400;\">Nh\u1eefng b\u1ed9 s\u01b0u t\u1eadp c\u1ee7a Vi\u1ec7n B\u1ea3o T\u00e0ng Di S\u1ea3n Ng\u01b0\u1eddi Vi\u1ec7t g\u1ed3m c\u00e1c chuy\u1ec7n k\u1ec3, nh\u1eefng t\u00e0i li\u1ec7u v\u00e0 hi\u1ec7n v\u1eadt s\u1ebd \u0111\u01b0\u1ee3c ph\u1ed5 bi\u1ebfn \u0111\u1ebfn m\u1ecdi ng\u01b0\u1eddi tr\u00ean th\u1ebf gi\u1edbi qua nhi\u1ec1u ph\u01b0\u01a1ng ti\u1ec7n nh\u01b0: tr\u00ean m\u1ea1ng l\u01b0\u1edbi to\u00e0n c\u1ea7u, qua c\u00e1c cu\u1ed9c tri\u1ec3n l\u00e3m di \u0111\u1ed9ng, v\u00e0 tr\u01b0ng b\u00e0y th\u01b0\u1eddng tr\u1ef1c t\u1ea1i vi\u1ec7n b\u1ea3o t\u00e0ng. Di s\u1ea3n c\u1ee7a ng\u01b0\u1eddi Vi\u1ec7t t\u1ef5 n\u1ea1n kh\u00f4ng ch\u1ec9 d\u00e0nh ri\u00eang cho c\u00e1c th\u1ebf h\u1ec7 ng\u01b0\u1eddi Vi\u1ec7t trong hi\u1ec7n t\u1ea1i v\u00e0 t\u01b0\u01a1ng lai, m\u00e0 c\u00f2n l\u00e0 ch\u1ee9ng t\u00edch c\u1ee7a m\u1ed9t \u0111\u1ea5t n\u01b0\u1edbc v\u00e0 d\u00e2n t\u1ed9c qua m\u1ed9t giai \u0111o\u1ea1n l\u1ecbch s\u1eed \u0111en t\u1ed1i, v\u00e0 l\u00e0 \u0111\u1ed9ng l\u1ef1c \u0111\u1ec3 c\u00e1c th\u1ebf h\u1ec7 ng\u01b0\u1eddi Vi\u1ec7t bi\u1ebft \u0111\u1ee9ng l\u00ean \u0111\u00f2i quy\u1ec1n t\u1ef1 quy\u1ebft cho s\u1ef1 t\u1ed3n vong mai sau.<\/span>[\/vc_column_text][\/vc_column][\/vc_row]\n","protected":false},"excerpt":{"rendered":"<p>[vc_row type=&#8221;full_width_content&#8221; full_screen_row_position=&#8221;middle&#8221; column_margin=&#8221;default&#8221; equal_height=&#8221;yes&#8221; content_placement=&#8221;middle&#8221; column_direction=&#8221;default&#8221; column_direction_tablet=&#8221;default&#8221; column_direction_phone=&#8221;default&#8221; bg_color=&#8221;#dd8500&#8243; scene_position=&#8221;center&#8221; text_color=&#8221;light&#8221; text_align=&#8221;left&#8221; row_border_radius=&#8221;none&#8221; row_border_radius_applies=&#8221;bg&#8221; overlay_strength=&#8221;0.3&#8243; gradient_direction=&#8221;left_to_right&#8221; shape_divider_position=&#8221;bottom&#8221; bg_image_animation=&#8221;none&#8221; shape_type=&#8221;&#8221;][vc_column column_padding=&#8221;no-extra-padding&#8221; column_padding_tablet=&#8221;inherit&#8221; column_padding_phone=&#8221;inherit&#8221; column_padding_position=&#8221;all&#8221; centered_text=&#8221;true&#8221; background_color_opacity=&#8221;1&#8243; background_hover_color_opacity=&#8221;1&#8243; background_image=&#8221;6341&#8243; background_image_position=&#8221;center center&#8221;&#8230;<\/p>\n","protected":false},"author":295,"featured_media":0,"parent":0,"menu_order":20,"comment_status":"closed","ping_status":"closed","template":"","meta":{"nf_dc_page":"","footnotes":""},"class_list":["post-13457","page","type-page","status-publish"],"yoast_head":"<!-- This site is optimized with the Yoast SEO plugin v26.9 - https:\/\/yoast.com\/product\/yoast-seo-wordpress\/ -->\n<title>V\u1ec1 VHM - Vietnamese Heritage Museum<\/title>\n<meta name=\"robots\" content=\"index, follow, max-snippet:-1, max-image-preview:large, max-video-preview:-1\" \/>\n<link rel=\"canonical\" href=\"https:\/\/vietnamesemuseum.org\/vi\/ve-vhm\/\" \/>\n<meta property=\"og:locale\" content=\"vi_VN\" \/>\n<meta property=\"og:type\" content=\"article\" \/>\n<meta property=\"og:title\" content=\"V\u1ec1 VHM - Vietnamese Heritage Museum\" \/>\n<meta property=\"og:description\" content=\"[vc_row type=&#8221;full_width_content&#8221; full_screen_row_position=&#8221;middle&#8221; column_margin=&#8221;default&#8221; equal_height=&#8221;yes&#8221; content_placement=&#8221;middle&#8221; column_direction=&#8221;default&#8221; column_direction_tablet=&#8221;default&#8221; column_direction_phone=&#8221;default&#8221; bg_color=&#8221;#dd8500&#8243; scene_position=&#8221;center&#8221; text_color=&#8221;light&#8221; text_align=&#8221;left&#8221; row_border_radius=&#8221;none&#8221; row_border_radius_applies=&#8221;bg&#8221; overlay_strength=&#8221;0.3&#8243; gradient_direction=&#8221;left_to_right&#8221; shape_divider_position=&#8221;bottom&#8221; bg_image_animation=&#8221;none&#8221; shape_type=&#8221;&#8221;][vc_column column_padding=&#8221;no-extra-padding&#8221; column_padding_tablet=&#8221;inherit&#8221; column_padding_phone=&#8221;inherit&#8221; column_padding_position=&#8221;all&#8221; centered_text=&#8221;true&#8221; background_color_opacity=&#8221;1&#8243; background_hover_color_opacity=&#8221;1&#8243; background_image=&#8221;6341&#8243; background_image_position=&#8221;center center&#8221;...\" \/>\n<meta property=\"og:url\" content=\"https:\/\/vietnamesemuseum.org\/vi\/ve-vhm\/\" \/>\n<meta property=\"og:site_name\" content=\"Vietnamese Heritage Museum\" \/>\n<meta property=\"article:publisher\" content=\"https:\/\/www.facebook.com\/vhmusa\" \/>\n<meta property=\"article:modified_time\" content=\"2022-01-19T05:31:44+00:00\" \/>\n<meta property=\"og:image\" content=\"https:\/\/vietnamesemuseum.org\/wp-content\/uploads\/2021\/08\/VHM_Logo_FINAL.jpg\" \/>\n\t<meta property=\"og:image:width\" content=\"1346\" \/>\n\t<meta property=\"og:image:height\" content=\"1100\" \/>\n\t<meta property=\"og:image:type\" content=\"image\/jpeg\" \/>\n<meta name=\"twitter:card\" content=\"summary_large_image\" \/>\n<meta name=\"twitter:site\" content=\"@vmuseum\" \/>\n<meta name=\"twitter:label1\" content=\"Est. reading time\" \/>\n\t<meta name=\"twitter:data1\" content=\"6 minutes\" \/>\n<script type=\"application\/ld+json\" class=\"yoast-schema-graph\">{\"@context\":\"https:\/\/schema.org\",\"@graph\":[{\"@type\":\"WebPage\",\"@id\":\"https:\/\/vietnamesemuseum.org\/vi\/ve-vhm\/\",\"url\":\"https:\/\/vietnamesemuseum.org\/vi\/ve-vhm\/\",\"name\":\"V\u1ec1 VHM - Vietnamese Heritage Museum\",\"isPartOf\":{\"@id\":\"https:\/\/vietnamesemuseum.org\/vi\/#website\"},\"datePublished\":\"2020-08-19T20:21:24+00:00\",\"dateModified\":\"2022-01-19T05:31:44+00:00\",\"inLanguage\":\"vi-VN\",\"potentialAction\":[{\"@type\":\"ReadAction\",\"target\":[\"https:\/\/vietnamesemuseum.org\/vi\/ve-vhm\/\"]}]},{\"@type\":\"WebSite\",\"@id\":\"https:\/\/vietnamesemuseum.org\/vi\/#website\",\"url\":\"https:\/\/vietnamesemuseum.org\/vi\/\",\"name\":\"Vietnamese Heritage Museum\",\"description\":\"Reflections of Vietnamese Refugees\",\"publisher\":{\"@id\":\"https:\/\/vietnamesemuseum.org\/vi\/#organization\"},\"potentialAction\":[{\"@type\":\"SearchAction\",\"target\":{\"@type\":\"EntryPoint\",\"urlTemplate\":\"https:\/\/vietnamesemuseum.org\/vi\/?s={search_term_string}\"},\"query-input\":{\"@type\":\"PropertyValueSpecification\",\"valueRequired\":true,\"valueName\":\"search_term_string\"}}],\"inLanguage\":\"vi-VN\"},{\"@type\":\"Organization\",\"@id\":\"https:\/\/vietnamesemuseum.org\/vi\/#organization\",\"name\":\"Vietnamese Heritage Museum\",\"url\":\"https:\/\/vietnamesemuseum.org\/vi\/\",\"logo\":{\"@type\":\"ImageObject\",\"inLanguage\":\"vi-VN\",\"@id\":\"https:\/\/vietnamesemuseum.org\/vi\/#\/schema\/logo\/image\/\",\"url\":\"https:\/\/vietnamesemuseum.org\/wp-content\/uploads\/2018\/04\/VHCM_Logo_FINAL-1-e1525129203974.png\",\"contentUrl\":\"https:\/\/vietnamesemuseum.org\/wp-content\/uploads\/2018\/04\/VHCM_Logo_FINAL-1-e1525129203974.png\",\"width\":100,\"height\":82,\"caption\":\"Vietnamese Heritage Museum\"},\"image\":{\"@id\":\"https:\/\/vietnamesemuseum.org\/vi\/#\/schema\/logo\/image\/\"},\"sameAs\":[\"https:\/\/www.facebook.com\/vhmusa\",\"https:\/\/x.com\/vmuseum\",\"https:\/\/www.instagram.com\/vietnamesemuseum\/\",\"https:\/\/www.linkedin.com\/in\/vietnamese-heritage-museum\/\",\"https:\/\/www.youtube.com\/c\/VietnameseMuseum\/\"]}]}<\/script>\n<!-- \/ Yoast SEO plugin. -->","yoast_head_json":{"title":"V\u1ec1 VHM - Vietnamese Heritage Museum","robots":{"index":"index","follow":"follow","max-snippet":"max-snippet:-1","max-image-preview":"max-image-preview:large","max-video-preview":"max-video-preview:-1"},"canonical":"https:\/\/vietnamesemuseum.org\/vi\/ve-vhm\/","og_locale":"vi_VN","og_type":"article","og_title":"V\u1ec1 VHM - Vietnamese Heritage Museum","og_description":"[vc_row type=&#8221;full_width_content&#8221; full_screen_row_position=&#8221;middle&#8221; column_margin=&#8221;default&#8221; equal_height=&#8221;yes&#8221; content_placement=&#8221;middle&#8221; column_direction=&#8221;default&#8221; column_direction_tablet=&#8221;default&#8221; column_direction_phone=&#8221;default&#8221; bg_color=&#8221;#dd8500&#8243; scene_position=&#8221;center&#8221; text_color=&#8221;light&#8221; text_align=&#8221;left&#8221; row_border_radius=&#8221;none&#8221; row_border_radius_applies=&#8221;bg&#8221; overlay_strength=&#8221;0.3&#8243; gradient_direction=&#8221;left_to_right&#8221; shape_divider_position=&#8221;bottom&#8221; bg_image_animation=&#8221;none&#8221; shape_type=&#8221;&#8221;][vc_column column_padding=&#8221;no-extra-padding&#8221; column_padding_tablet=&#8221;inherit&#8221; column_padding_phone=&#8221;inherit&#8221; column_padding_position=&#8221;all&#8221; centered_text=&#8221;true&#8221; background_color_opacity=&#8221;1&#8243; background_hover_color_opacity=&#8221;1&#8243; background_image=&#8221;6341&#8243; background_image_position=&#8221;center center&#8221;...","og_url":"https:\/\/vietnamesemuseum.org\/vi\/ve-vhm\/","og_site_name":"Vietnamese Heritage Museum","article_publisher":"https:\/\/www.facebook.com\/vhmusa","article_modified_time":"2022-01-19T05:31:44+00:00","og_image":[{"width":1346,"height":1100,"url":"https:\/\/vietnamesemuseum.org\/wp-content\/uploads\/2021\/08\/VHM_Logo_FINAL.jpg","type":"image\/jpeg"}],"twitter_card":"summary_large_image","twitter_site":"@vmuseum","twitter_misc":{"Est. reading time":"6 minutes"},"schema":{"@context":"https:\/\/schema.org","@graph":[{"@type":"WebPage","@id":"https:\/\/vietnamesemuseum.org\/vi\/ve-vhm\/","url":"https:\/\/vietnamesemuseum.org\/vi\/ve-vhm\/","name":"V\u1ec1 VHM - Vietnamese Heritage Museum","isPartOf":{"@id":"https:\/\/vietnamesemuseum.org\/vi\/#website"},"datePublished":"2020-08-19T20:21:24+00:00","dateModified":"2022-01-19T05:31:44+00:00","inLanguage":"vi-VN","potentialAction":[{"@type":"ReadAction","target":["https:\/\/vietnamesemuseum.org\/vi\/ve-vhm\/"]}]},{"@type":"WebSite","@id":"https:\/\/vietnamesemuseum.org\/vi\/#website","url":"https:\/\/vietnamesemuseum.org\/vi\/","name":"Vietnamese Heritage Museum","description":"Reflections of Vietnamese Refugees","publisher":{"@id":"https:\/\/vietnamesemuseum.org\/vi\/#organization"},"potentialAction":[{"@type":"SearchAction","target":{"@type":"EntryPoint","urlTemplate":"https:\/\/vietnamesemuseum.org\/vi\/?s={search_term_string}"},"query-input":{"@type":"PropertyValueSpecification","valueRequired":true,"valueName":"search_term_string"}}],"inLanguage":"vi-VN"},{"@type":"Organization","@id":"https:\/\/vietnamesemuseum.org\/vi\/#organization","name":"Vietnamese Heritage Museum","url":"https:\/\/vietnamesemuseum.org\/vi\/","logo":{"@type":"ImageObject","inLanguage":"vi-VN","@id":"https:\/\/vietnamesemuseum.org\/vi\/#\/schema\/logo\/image\/","url":"https:\/\/vietnamesemuseum.org\/wp-content\/uploads\/2018\/04\/VHCM_Logo_FINAL-1-e1525129203974.png","contentUrl":"https:\/\/vietnamesemuseum.org\/wp-content\/uploads\/2018\/04\/VHCM_Logo_FINAL-1-e1525129203974.png","width":100,"height":82,"caption":"Vietnamese Heritage Museum"},"image":{"@id":"https:\/\/vietnamesemuseum.org\/vi\/#\/schema\/logo\/image\/"},"sameAs":["https:\/\/www.facebook.com\/vhmusa","https:\/\/x.com\/vmuseum","https:\/\/www.instagram.com\/vietnamesemuseum\/","https:\/\/www.linkedin.com\/in\/vietnamese-heritage-museum\/","https:\/\/www.youtube.com\/c\/VietnameseMuseum\/"]}]}},"_links":{"self":[{"href":"https:\/\/vietnamesemuseum.org\/vi\/wp-json\/wp\/v2\/pages\/13457","targetHints":{"allow":["GET"]}}],"collection":[{"href":"https:\/\/vietnamesemuseum.org\/vi\/wp-json\/wp\/v2\/pages"}],"about":[{"href":"https:\/\/vietnamesemuseum.org\/vi\/wp-json\/wp\/v2\/types\/page"}],"author":[{"embeddable":true,"href":"https:\/\/vietnamesemuseum.org\/vi\/wp-json\/wp\/v2\/users\/295"}],"replies":[{"embeddable":true,"href":"https:\/\/vietnamesemuseum.org\/vi\/wp-json\/wp\/v2\/comments?post=13457"}],"version-history":[{"count":0,"href":"https:\/\/vietnamesemuseum.org\/vi\/wp-json\/wp\/v2\/pages\/13457\/revisions"}],"wp:attachment":[{"href":"https:\/\/vietnamesemuseum.org\/vi\/wp-json\/wp\/v2\/media?parent=13457"}],"curies":[{"name":"wp","href":"https:\/\/api.w.org\/{rel}","templated":true}]}}