{"id":13442,"date":"2020-08-19T13:41:56","date_gmt":"2020-08-19T20:41:56","guid":{"rendered":"https:\/\/vietnamesemuseum.org\/vien-bao-tang-trong-tuong-lai\/"},"modified":"2022-03-12T17:12:59","modified_gmt":"2022-03-13T01:12:59","slug":"vien-bao-tang-trong-tuong-lai","status":"publish","type":"page","link":"https:\/\/vietnamesemuseum.org\/vi\/vien-bao-tang-trong-tuong-lai\/","title":{"rendered":"Vi\u1ec7n B\u1ea3o T\u00e0ng Trong T\u01b0\u01a1ng Lai"},"content":{"rendered":"[vc_row type=&#8221;full_width_content&#8221; full_screen_row_position=&#8221;middle&#8221; column_margin=&#8221;default&#8221; equal_height=&#8221;yes&#8221; content_placement=&#8221;middle&#8221; column_direction=&#8221;default&#8221; column_direction_tablet=&#8221;default&#8221; column_direction_phone=&#8221;default&#8221; bg_color=&#8221;#dd8500&#8243; scene_position=&#8221;center&#8221; text_color=&#8221;light&#8221; text_align=&#8221;left&#8221; row_border_radius=&#8221;none&#8221; row_border_radius_applies=&#8221;bg&#8221; overlay_strength=&#8221;0.3&#8243; gradient_direction=&#8221;left_to_right&#8221; shape_divider_position=&#8221;bottom&#8221; bg_image_animation=&#8221;none&#8221; shape_type=&#8221;&#8221;][vc_column column_padding=&#8221;no-extra-padding&#8221; column_padding_tablet=&#8221;inherit&#8221; column_padding_phone=&#8221;inherit&#8221; column_padding_position=&#8221;all&#8221; background_color_opacity=&#8221;1&#8243; background_hover_color_opacity=&#8221;1&#8243; background_image=&#8221;3118&#8243; background_image_position=&#8221;center center&#8221; column_shadow=&#8221;none&#8221; column_border_radius=&#8221;none&#8221; column_link_target=&#8221;_self&#8221; gradient_direction=&#8221;left_to_right&#8221; overlay_strength=&#8221;0.3&#8243; width=&#8221;1\/2&#8243; tablet_width_inherit=&#8221;default&#8221; tablet_text_alignment=&#8221;default&#8221; phone_text_alignment=&#8221;default&#8221; column_border_width=&#8221;none&#8221; column_border_style=&#8221;solid&#8221; bg_image_animation=&#8221;none&#8221;][\/vc_column][vc_column column_padding=&#8221;padding-5-percent&#8221; column_padding_tablet=&#8221;inherit&#8221; column_padding_phone=&#8221;inherit&#8221; column_padding_position=&#8221;all&#8221; background_color_opacity=&#8221;1&#8243; background_hover_color_opacity=&#8221;1&#8243; column_shadow=&#8221;none&#8221; column_border_radius=&#8221;none&#8221; column_link_target=&#8221;_self&#8221; gradient_direction=&#8221;left_to_right&#8221; overlay_strength=&#8221;0.3&#8243; width=&#8221;1\/2&#8243; tablet_width_inherit=&#8221;default&#8221; tablet_text_alignment=&#8221;default&#8221; phone_text_alignment=&#8221;default&#8221; column_border_width=&#8221;none&#8221; column_border_style=&#8221;solid&#8221; bg_image_animation=&#8221;none&#8221;][vc_column_text]\n<h1>Tri\u1ec3n L\u00e3m<\/h1>\n[\/vc_column_text][divider line_type=&#8221;Full Width Line&#8221; line_thickness=&#8221;5&#8243; divider_color=&#8221;extra-color-2&#8243;][divider line_type=&#8221;No Line&#8221; custom_height=&#8221;10&#8243;][vc_column_text]Vi\u1ec7n B\u1ea3o t\u00e0ng Di s\u1ea3n Vi\u1ec7t Nam (Vietnamese Heritage Museum: VHM) ch\u1ee7 tr\u01b0\u01a1ng th\u1ef1c hi\u1ec7n nh\u1eefng ch\u01b0\u01a1ng tr\u00ecnh nh\u1eb1m th\u1ec3 hi\u1ec7n t\u00ednh minh b\u1ea1ch v\u1ec1 L\u1ecbch s\u1eed v\u00e0 Kinh nghi\u1ec7m c\u1ee7a Ng\u01b0\u1eddi Vi\u1ec7t Nam t\u1ef5 n\u1ea1n. Mong l\u00e0 n\u01a1i b\u1ea3o t\u1ed3n l\u1ecbch s\u1eed v\u00e0 v\u0103n h\u00f3a Vi\u1ec7t, vi\u1ec7n n\u1ed7 l\u1ef1c t\u1ea1o c\u01a1 h\u1ed9i chuy\u1ec3n t\u1ea3i b\u1eb1ng nh\u1eefng c\u00e2u chuy\u1ec7n c\u1ee5 th\u1ec3 v\u00e0 nh\u1eefng hi\u1ec7n v\u1eadt n\u00f3i l\u00ean l\u1ecbch s\u1eed v\u00e0 kinh nghi\u1ec7m c\u1ee7a l\u1edbp ng\u01b0\u1eddi t\u1ef5 n\u1ea1n c\u00f2n s\u1ed1ng s\u00f3t hay \u0111\u00e3 qua \u0111\u1eddi \u0111\u1ebfn m\u1ecdi d\u00e2n c\u01b0, m\u00e0 tr\u01b0\u1edbc h\u1ebft l\u00e0 cho c\u00e1c th\u1ebf h\u1ec7 ng\u01b0\u1eddi g\u1ed1c Vi\u1ec7t c\u01b0 ng\u1ee5 tr\u00ean kh\u1eafp th\u1ebf gi\u1edbi hi\u1ec3u th\u1ea5u \u0111\u01b0\u1ee3c tinh th\u1ea7n ki\u00ean c\u01b0\u1eddng v\u01b0\u01a1n l\u00ean t\u1eeb nh\u1eefng kh\u00f3 kh\u0103n tr\u1edf l\u1ef1c \u0111\u1ec3 t\u1ef1 do s\u1ed1ng c\u00f2n. Do \u0111\u00f3, ch\u00fang t\u00f4i mong mu\u1ed1n thi\u1ebft k\u1ebf nh\u1eefng k\u1ebf ho\u1ea1ch, c\u1ee5 th\u1ec3 nh\u01b0 c\u00e1c cu\u1ed9c tri\u1ec3n l\u00e3m hi\u1ec7n \u0111ang x\u00fac ti\u1ebfn, l\u00e0m sao cho x\u1ee9ng \u0111\u00e1ng l\u00e0 m\u1ed9t vi\u1ec7n b\u1ea3o t\u00e0ng gi\u00e1 tr\u1ecb n\u01a1i m\u00e0 b\u1ea5t c\u1ee9 ai c\u0169ng c\u00f3 th\u1ec3 d\u1ec5 d\u00e0ng ti\u1ebfp c\u1eadn \u0111\u01b0\u1ee3c.[\/vc_column_text][\/vc_column][\/vc_row][vc_row type=&#8221;full_width_content&#8221; full_screen_row_position=&#8221;middle&#8221; column_margin=&#8221;default&#8221; equal_height=&#8221;yes&#8221; content_placement=&#8221;middle&#8221; column_direction=&#8221;reverse&#8221; column_direction_tablet=&#8221;default&#8221; column_direction_phone=&#8221;default&#8221; bg_color=&#8221;#dd8500&#8243; scene_position=&#8221;center&#8221; text_color=&#8221;light&#8221; text_align=&#8221;left&#8221; row_border_radius=&#8221;none&#8221; row_border_radius_applies=&#8221;bg&#8221; overlay_strength=&#8221;0.3&#8243; gradient_direction=&#8221;left_to_right&#8221; shape_divider_position=&#8221;bottom&#8221; bg_image_animation=&#8221;none&#8221; shape_type=&#8221;&#8221;][vc_column column_padding=&#8221;no-extra-padding&#8221; column_padding_tablet=&#8221;inherit&#8221; column_padding_phone=&#8221;inherit&#8221; column_padding_position=&#8221;all&#8221; background_color_opacity=&#8221;1&#8243; background_hover_color_opacity=&#8221;1&#8243; background_image=&#8221;8081&#8243; background_image_position=&#8221;center center&#8221; column_shadow=&#8221;none&#8221; column_border_radius=&#8221;none&#8221; column_link_target=&#8221;_self&#8221; gradient_direction=&#8221;left_to_right&#8221; overlay_strength=&#8221;0.3&#8243; width=&#8221;1\/2&#8243; tablet_width_inherit=&#8221;default&#8221; tablet_text_alignment=&#8221;default&#8221; phone_text_alignment=&#8221;default&#8221; column_border_width=&#8221;none&#8221; column_border_style=&#8221;solid&#8221; bg_image_animation=&#8221;none&#8221;][\/vc_column][vc_column column_padding=&#8221;padding-5-percent&#8221; column_padding_tablet=&#8221;inherit&#8221; column_padding_phone=&#8221;inherit&#8221; column_padding_position=&#8221;all&#8221; background_color_opacity=&#8221;1&#8243; background_hover_color_opacity=&#8221;1&#8243; column_shadow=&#8221;none&#8221; column_border_radius=&#8221;none&#8221; column_link_target=&#8221;_self&#8221; gradient_direction=&#8221;left_to_right&#8221; overlay_strength=&#8221;0.3&#8243; width=&#8221;1\/2&#8243; tablet_width_inherit=&#8221;default&#8221; tablet_text_alignment=&#8221;default&#8221; phone_text_alignment=&#8221;default&#8221; column_border_width=&#8221;none&#8221; column_border_style=&#8221;solid&#8221; bg_image_animation=&#8221;none&#8221;][vc_column_text]\n<h1>Gi\u00e1o D\u1ee5c<\/h1>\n[\/vc_column_text][divider line_type=&#8221;Full Width Line&#8221; line_thickness=&#8221;5&#8243; divider_color=&#8221;extra-color-2&#8243;][divider line_type=&#8221;No Line&#8221; custom_height=&#8221;10&#8243;][vc_column_text]Trung t\u00e2m Gi\u00e1o d\u1ee5c c\u1ee7a vi\u1ec7n b\u1ea3o t\u00e0ng t\u1eadp trung v\u00e0o vi\u1ec7c l\u01b0u gi\u1eef-b\u1ea3o t\u1ed3n l\u1ecbch s\u1eed Ng\u01b0\u1eddi t\u1ef5 n\u1ea1n Vi\u1ec7t Nam. C\u00e1c ch\u01b0\u01a1ng tr\u00ecnh gi\u00e1o d\u1ee5c nh\u1eb1m khuy\u1ebfn kh\u00edch thanh thi\u1ebfu ni\u00ean g\u1ed1c Vi\u1ec7t h\u1ecdc h\u1ecfi kinh nghi\u1ec7m c\u1ee7a t\u1ed5 ti\u00ean; l\u1ecbch s\u1eed \u0111\u1ea5u tranh v\u00e0 hy sinh c\u1ee7a h\u1ecd cho l\u00fd t\u01b0\u1edfng t\u1ef1 do s\u1ed1ng c\u00f2n,lu\u00f4n khao kh\u00e1t v\u01b0\u1ee3t qua nh\u1eefng ngh\u1ecbch c\u1ea3nh kh\u1eafc nghi\u1ec7t \u0111\u1ec3 c\u00e1c th\u1ebf h\u1ec7 mai sau c\u00f3 \u0111\u01b0\u1ee3c t\u01b0\u01a1ng lai t\u01b0\u01a1i s\u00e1ng h\u01a1n. Trung t\u00e2m s\u1ebd gi\u1edbi thi\u1ec7u t\u1ed5ng quan v\u1ec1 L\u1ecbch s\u1eed Ng\u01b0\u1eddi t\u1ef5 n\u1ea1n Vi\u1ec7t Nam qua c\u00e1c h\u00ecnh v\u00e0 phim \u1ea3nh l\u1ecbch s\u1eed, hi\u1ec7n v\u1eadt v\u00e0 ch\u1ee9ng t\u00edch c\u00e1 nh\u00e2n. \u0110\u00e2y l\u00e0 ngu\u1ed3n t\u00e0i li\u1ec7u d\u00e0nh cho c\u00e1c h\u1ecdc sinh, gi\u00e1o vi\u00ean v\u00e0 gi\u1edbi nghi\u00ean c\u1ee9u&#8230;v\u1edbi n\u1ed9i dung ph\u1ea3n \u00e1nh trung th\u1ef1c nh\u1eefng s\u1ef1 ki\u1ec7n l\u1ecbch s\u1eed, ch\u1eb3ng h\u1ea1n nh\u01b0 c\u00e1c tri\u1ec3n l\u00e3m th\u01b0\u1eddng tr\u1ef1c do Vi\u1ec7n B\u1ea3o t\u00e0ng Di s\u1ea3n Vi\u1ec7t Nam tr\u01b0ng b\u00e0y.[\/vc_column_text][\/vc_column][\/vc_row][vc_row type=&#8221;full_width_content&#8221; full_screen_row_position=&#8221;middle&#8221; column_margin=&#8221;default&#8221; equal_height=&#8221;yes&#8221; content_placement=&#8221;middle&#8221; column_direction=&#8221;default&#8221; column_direction_tablet=&#8221;default&#8221; column_direction_phone=&#8221;default&#8221; bg_color=&#8221;#dd8500&#8243; scene_position=&#8221;center&#8221; text_color=&#8221;light&#8221; text_align=&#8221;left&#8221; row_border_radius=&#8221;none&#8221; row_border_radius_applies=&#8221;bg&#8221; overlay_strength=&#8221;0.3&#8243; gradient_direction=&#8221;left_to_right&#8221; shape_divider_position=&#8221;bottom&#8221; bg_image_animation=&#8221;none&#8221; shape_type=&#8221;&#8221;][vc_column column_padding=&#8221;no-extra-padding&#8221; column_padding_tablet=&#8221;inherit&#8221; column_padding_phone=&#8221;inherit&#8221; column_padding_position=&#8221;all&#8221; background_color_opacity=&#8221;1&#8243; background_hover_color_opacity=&#8221;1&#8243; background_image=&#8221;8081&#8243; background_image_position=&#8221;center center&#8221; column_shadow=&#8221;none&#8221; column_border_radius=&#8221;none&#8221; column_link_target=&#8221;_self&#8221; gradient_direction=&#8221;left_to_right&#8221; overlay_strength=&#8221;0.3&#8243; width=&#8221;1\/2&#8243; tablet_width_inherit=&#8221;default&#8221; tablet_text_alignment=&#8221;default&#8221; phone_text_alignment=&#8221;default&#8221; column_border_width=&#8221;none&#8221; column_border_style=&#8221;solid&#8221; bg_image_animation=&#8221;none&#8221;][\/vc_column][vc_column column_padding=&#8221;padding-5-percent&#8221; column_padding_tablet=&#8221;inherit&#8221; column_padding_phone=&#8221;inherit&#8221; column_padding_position=&#8221;all&#8221; background_color_opacity=&#8221;1&#8243; background_hover_color_opacity=&#8221;1&#8243; column_shadow=&#8221;none&#8221; column_border_radius=&#8221;none&#8221; column_link_target=&#8221;_self&#8221; gradient_direction=&#8221;left_to_right&#8221; overlay_strength=&#8221;0.3&#8243; width=&#8221;1\/2&#8243; tablet_width_inherit=&#8221;default&#8221; tablet_text_alignment=&#8221;default&#8221; phone_text_alignment=&#8221;default&#8221; column_border_width=&#8221;none&#8221; column_border_style=&#8221;solid&#8221; bg_image_animation=&#8221;none&#8221;][vc_column_text]\n<h1>Ch\u01b0\u01a1ng Tr\u00ecnh V\u0103n H\u00f3a<\/h1>\n[\/vc_column_text][divider line_type=&#8221;Full Width Line&#8221; line_thickness=&#8221;5&#8243; divider_color=&#8221;extra-color-2&#8243;][divider line_type=&#8221;No Line&#8221; custom_height=&#8221;10&#8243;][vc_column_text]<span style=\"font-weight: 400;\">VHM t\u00f4n vinh s\u1ef1 s\u1ef1 \u0111a d\u1ea1ng phong ph\u00fa c\u1ee7a v\u0103n h\u00f3a Vi\u1ec7t Nam qua c\u00e1c ch\u01b0\u01a1ng tr\u00ecnh sinh ho\u1ea1t \u1ee9ng d\u1ee5ng th\u1ef1c ti\u1ec5n.<\/span><span style=\"font-weight: 400;\">Nh\u01b0 c\u00e1c cu\u1ed9c n\u00f3i chuy\u1ec7n,c\u00e1c truy\u1ec7n k\u1ec3, c\u00e1c cu\u1ed9c v\u0103n ngh\u1ec7 s\u1ed1ng \u0111\u1ed9ng, ngh\u1ec7 thu\u1eadt \u1ea9m th\u1ef1c truy\u1ec1n th\u1ed1ng&#8230;<\/span>[\/vc_column_text][divider line_type=&#8221;No Line&#8221; custom_height=&#8221;10&#8243;][divider line_type=&#8221;No Line&#8221; custom_height=&#8221;10&#8243;][divider line_type=&#8221;No Line&#8221; custom_height=&#8221;10&#8243;][\/vc_column][\/vc_row][vc_row type=&#8221;full_width_background&#8221; full_screen_row_position=&#8221;middle&#8221; column_margin=&#8221;default&#8221; equal_height=&#8221;yes&#8221; content_placement=&#8221;middle&#8221; column_direction=&#8221;default&#8221; column_direction_tablet=&#8221;default&#8221; column_direction_phone=&#8221;default&#8221; bg_color=&#8221;#000000&#8243; scene_position=&#8221;center&#8221; text_color=&#8221;light&#8221; text_align=&#8221;center&#8221; row_border_radius=&#8221;none&#8221; row_border_radius_applies=&#8221;bg&#8221; overlay_strength=&#8221;0.3&#8243; gradient_direction=&#8221;left_to_right&#8221; shape_divider_position=&#8221;bottom&#8221; bg_image_animation=&#8221;none&#8221; shape_type=&#8221;&#8221;][vc_column column_padding=&#8221;no-extra-padding&#8221; column_padding_tablet=&#8221;inherit&#8221; column_padding_phone=&#8221;inherit&#8221; column_padding_position=&#8221;all&#8221; centered_text=&#8221;true&#8221; background_color_opacity=&#8221;1&#8243; background_hover_color_opacity=&#8221;1&#8243; column_shadow=&#8221;none&#8221; column_border_radius=&#8221;none&#8221; column_link_target=&#8221;_self&#8221; gradient_direction=&#8221;left_to_right&#8221; overlay_strength=&#8221;0.3&#8243; width=&#8221;1\/1&#8243; tablet_width_inherit=&#8221;default&#8221; tablet_text_alignment=&#8221;default&#8221; phone_text_alignment=&#8221;default&#8221; column_border_width=&#8221;none&#8221; column_border_style=&#8221;solid&#8221; bg_image_animation=&#8221;none&#8221;][vc_gallery type=&#8221;image_grid&#8221; images=&#8221;8296,8301,8297,8299,3115,8305,8303,8961&#8243; display_title_caption=&#8221;true&#8221; layout=&#8221;fullwidth&#8221; item_spacing=&#8221;5px&#8221; gallery_style=&#8221;7&#8243; load_in_animation=&#8221;none&#8221; css=&#8221;.vc_custom_1614652003453{border-radius: 10px !important;}&#8221;][\/vc_column][\/vc_row]\n","protected":false},"excerpt":{"rendered":"<p>[vc_row type=&#8221;full_width_content&#8221; full_screen_row_position=&#8221;middle&#8221; column_margin=&#8221;default&#8221; equal_height=&#8221;yes&#8221; content_placement=&#8221;middle&#8221; column_direction=&#8221;default&#8221; column_direction_tablet=&#8221;default&#8221; column_direction_phone=&#8221;default&#8221; bg_color=&#8221;#dd8500&#8243; scene_position=&#8221;center&#8221; text_color=&#8221;light&#8221; text_align=&#8221;left&#8221; row_border_radius=&#8221;none&#8221; row_border_radius_applies=&#8221;bg&#8221; overlay_strength=&#8221;0.3&#8243; gradient_direction=&#8221;left_to_right&#8221; shape_divider_position=&#8221;bottom&#8221; bg_image_animation=&#8221;none&#8221; shape_type=&#8221;&#8221;][vc_column column_padding=&#8221;no-extra-padding&#8221; column_padding_tablet=&#8221;inherit&#8221; column_padding_phone=&#8221;inherit&#8221; column_padding_position=&#8221;all&#8221; background_color_opacity=&#8221;1&#8243; background_hover_color_opacity=&#8221;1&#8243; background_image=&#8221;3118&#8243; background_image_position=&#8221;center center&#8221; column_shadow=&#8221;none&#8221;&#8230;<\/p>\n","protected":false},"author":295,"featured_media":0,"parent":0,"menu_order":40,"comment_status":"closed","ping_status":"closed","template":"","meta":{"nf_dc_page":"","footnotes":""},"class_list":["post-13442","page","type-page","status-publish"],"yoast_head":"<!-- This site is optimized with the Yoast SEO plugin v26.9 - https:\/\/yoast.com\/product\/yoast-seo-wordpress\/ -->\n<title>Vi\u1ec7n B\u1ea3o T\u00e0ng Trong T\u01b0\u01a1ng Lai - Vietnamese Heritage Museum<\/title>\n<meta name=\"robots\" content=\"index, follow, max-snippet:-1, max-image-preview:large, max-video-preview:-1\" \/>\n<link rel=\"canonical\" href=\"https:\/\/vietnamesemuseum.org\/vi\/vien-bao-tang-trong-tuong-lai\/\" \/>\n<meta property=\"og:locale\" content=\"vi_VN\" \/>\n<meta property=\"og:type\" content=\"article\" \/>\n<meta property=\"og:title\" content=\"Vi\u1ec7n B\u1ea3o T\u00e0ng Trong T\u01b0\u01a1ng Lai - Vietnamese Heritage Museum\" \/>\n<meta property=\"og:description\" content=\"[vc_row type=&#8221;full_width_content&#8221; full_screen_row_position=&#8221;middle&#8221; column_margin=&#8221;default&#8221; equal_height=&#8221;yes&#8221; content_placement=&#8221;middle&#8221; column_direction=&#8221;default&#8221; column_direction_tablet=&#8221;default&#8221; column_direction_phone=&#8221;default&#8221; bg_color=&#8221;#dd8500&#8243; scene_position=&#8221;center&#8221; text_color=&#8221;light&#8221; text_align=&#8221;left&#8221; row_border_radius=&#8221;none&#8221; row_border_radius_applies=&#8221;bg&#8221; overlay_strength=&#8221;0.3&#8243; gradient_direction=&#8221;left_to_right&#8221; shape_divider_position=&#8221;bottom&#8221; bg_image_animation=&#8221;none&#8221; shape_type=&#8221;&#8221;][vc_column column_padding=&#8221;no-extra-padding&#8221; column_padding_tablet=&#8221;inherit&#8221; column_padding_phone=&#8221;inherit&#8221; column_padding_position=&#8221;all&#8221; background_color_opacity=&#8221;1&#8243; background_hover_color_opacity=&#8221;1&#8243; background_image=&#8221;3118&#8243; background_image_position=&#8221;center center&#8221; column_shadow=&#8221;none&#8221;...\" \/>\n<meta property=\"og:url\" content=\"https:\/\/vietnamesemuseum.org\/vi\/vien-bao-tang-trong-tuong-lai\/\" \/>\n<meta property=\"og:site_name\" content=\"Vietnamese Heritage Museum\" \/>\n<meta property=\"article:publisher\" content=\"https:\/\/www.facebook.com\/vhmusa\" \/>\n<meta property=\"article:modified_time\" content=\"2022-03-13T01:12:59+00:00\" \/>\n<meta property=\"og:image\" content=\"https:\/\/vietnamesemuseum.org\/wp-content\/uploads\/2021\/08\/VHM_Logo_FINAL.jpg\" \/>\n\t<meta property=\"og:image:width\" content=\"1346\" \/>\n\t<meta property=\"og:image:height\" content=\"1100\" \/>\n\t<meta property=\"og:image:type\" content=\"image\/jpeg\" \/>\n<meta name=\"twitter:card\" content=\"summary_large_image\" \/>\n<meta name=\"twitter:site\" content=\"@vmuseum\" \/>\n<meta name=\"twitter:label1\" content=\"Est. reading time\" \/>\n\t<meta name=\"twitter:data1\" content=\"8 minutes\" \/>\n<script type=\"application\/ld+json\" class=\"yoast-schema-graph\">{\"@context\":\"https:\/\/schema.org\",\"@graph\":[{\"@type\":\"WebPage\",\"@id\":\"https:\/\/vietnamesemuseum.org\/vi\/vien-bao-tang-trong-tuong-lai\/\",\"url\":\"https:\/\/vietnamesemuseum.org\/vi\/vien-bao-tang-trong-tuong-lai\/\",\"name\":\"Vi\u1ec7n B\u1ea3o T\u00e0ng Trong T\u01b0\u01a1ng Lai - Vietnamese Heritage Museum\",\"isPartOf\":{\"@id\":\"https:\/\/vietnamesemuseum.org\/vi\/#website\"},\"datePublished\":\"2020-08-19T20:41:56+00:00\",\"dateModified\":\"2022-03-13T01:12:59+00:00\",\"inLanguage\":\"vi-VN\",\"potentialAction\":[{\"@type\":\"ReadAction\",\"target\":[\"https:\/\/vietnamesemuseum.org\/vi\/vien-bao-tang-trong-tuong-lai\/\"]}]},{\"@type\":\"WebSite\",\"@id\":\"https:\/\/vietnamesemuseum.org\/vi\/#website\",\"url\":\"https:\/\/vietnamesemuseum.org\/vi\/\",\"name\":\"Vietnamese Heritage Museum\",\"description\":\"Reflections of Vietnamese Refugees\",\"publisher\":{\"@id\":\"https:\/\/vietnamesemuseum.org\/vi\/#organization\"},\"potentialAction\":[{\"@type\":\"SearchAction\",\"target\":{\"@type\":\"EntryPoint\",\"urlTemplate\":\"https:\/\/vietnamesemuseum.org\/vi\/?s={search_term_string}\"},\"query-input\":{\"@type\":\"PropertyValueSpecification\",\"valueRequired\":true,\"valueName\":\"search_term_string\"}}],\"inLanguage\":\"vi-VN\"},{\"@type\":\"Organization\",\"@id\":\"https:\/\/vietnamesemuseum.org\/vi\/#organization\",\"name\":\"Vietnamese Heritage Museum\",\"url\":\"https:\/\/vietnamesemuseum.org\/vi\/\",\"logo\":{\"@type\":\"ImageObject\",\"inLanguage\":\"vi-VN\",\"@id\":\"https:\/\/vietnamesemuseum.org\/vi\/#\/schema\/logo\/image\/\",\"url\":\"https:\/\/vietnamesemuseum.org\/wp-content\/uploads\/2018\/04\/VHCM_Logo_FINAL-1-e1525129203974.png\",\"contentUrl\":\"https:\/\/vietnamesemuseum.org\/wp-content\/uploads\/2018\/04\/VHCM_Logo_FINAL-1-e1525129203974.png\",\"width\":100,\"height\":82,\"caption\":\"Vietnamese Heritage Museum\"},\"image\":{\"@id\":\"https:\/\/vietnamesemuseum.org\/vi\/#\/schema\/logo\/image\/\"},\"sameAs\":[\"https:\/\/www.facebook.com\/vhmusa\",\"https:\/\/x.com\/vmuseum\",\"https:\/\/www.instagram.com\/vietnamesemuseum\/\",\"https:\/\/www.linkedin.com\/in\/vietnamese-heritage-museum\/\",\"https:\/\/www.youtube.com\/c\/VietnameseMuseum\/\"]}]}<\/script>\n<!-- \/ Yoast SEO plugin. -->","yoast_head_json":{"title":"Vi\u1ec7n B\u1ea3o T\u00e0ng Trong T\u01b0\u01a1ng Lai - Vietnamese Heritage Museum","robots":{"index":"index","follow":"follow","max-snippet":"max-snippet:-1","max-image-preview":"max-image-preview:large","max-video-preview":"max-video-preview:-1"},"canonical":"https:\/\/vietnamesemuseum.org\/vi\/vien-bao-tang-trong-tuong-lai\/","og_locale":"vi_VN","og_type":"article","og_title":"Vi\u1ec7n B\u1ea3o T\u00e0ng Trong T\u01b0\u01a1ng Lai - Vietnamese Heritage Museum","og_description":"[vc_row type=&#8221;full_width_content&#8221; full_screen_row_position=&#8221;middle&#8221; column_margin=&#8221;default&#8221; equal_height=&#8221;yes&#8221; content_placement=&#8221;middle&#8221; column_direction=&#8221;default&#8221; column_direction_tablet=&#8221;default&#8221; column_direction_phone=&#8221;default&#8221; bg_color=&#8221;#dd8500&#8243; scene_position=&#8221;center&#8221; text_color=&#8221;light&#8221; text_align=&#8221;left&#8221; row_border_radius=&#8221;none&#8221; row_border_radius_applies=&#8221;bg&#8221; overlay_strength=&#8221;0.3&#8243; gradient_direction=&#8221;left_to_right&#8221; shape_divider_position=&#8221;bottom&#8221; bg_image_animation=&#8221;none&#8221; shape_type=&#8221;&#8221;][vc_column column_padding=&#8221;no-extra-padding&#8221; column_padding_tablet=&#8221;inherit&#8221; column_padding_phone=&#8221;inherit&#8221; column_padding_position=&#8221;all&#8221; background_color_opacity=&#8221;1&#8243; background_hover_color_opacity=&#8221;1&#8243; background_image=&#8221;3118&#8243; background_image_position=&#8221;center center&#8221; column_shadow=&#8221;none&#8221;...","og_url":"https:\/\/vietnamesemuseum.org\/vi\/vien-bao-tang-trong-tuong-lai\/","og_site_name":"Vietnamese Heritage Museum","article_publisher":"https:\/\/www.facebook.com\/vhmusa","article_modified_time":"2022-03-13T01:12:59+00:00","og_image":[{"width":1346,"height":1100,"url":"https:\/\/vietnamesemuseum.org\/wp-content\/uploads\/2021\/08\/VHM_Logo_FINAL.jpg","type":"image\/jpeg"}],"twitter_card":"summary_large_image","twitter_site":"@vmuseum","twitter_misc":{"Est. reading time":"8 minutes"},"schema":{"@context":"https:\/\/schema.org","@graph":[{"@type":"WebPage","@id":"https:\/\/vietnamesemuseum.org\/vi\/vien-bao-tang-trong-tuong-lai\/","url":"https:\/\/vietnamesemuseum.org\/vi\/vien-bao-tang-trong-tuong-lai\/","name":"Vi\u1ec7n B\u1ea3o T\u00e0ng Trong T\u01b0\u01a1ng Lai - Vietnamese Heritage Museum","isPartOf":{"@id":"https:\/\/vietnamesemuseum.org\/vi\/#website"},"datePublished":"2020-08-19T20:41:56+00:00","dateModified":"2022-03-13T01:12:59+00:00","inLanguage":"vi-VN","potentialAction":[{"@type":"ReadAction","target":["https:\/\/vietnamesemuseum.org\/vi\/vien-bao-tang-trong-tuong-lai\/"]}]},{"@type":"WebSite","@id":"https:\/\/vietnamesemuseum.org\/vi\/#website","url":"https:\/\/vietnamesemuseum.org\/vi\/","name":"Vietnamese Heritage Museum","description":"Reflections of Vietnamese Refugees","publisher":{"@id":"https:\/\/vietnamesemuseum.org\/vi\/#organization"},"potentialAction":[{"@type":"SearchAction","target":{"@type":"EntryPoint","urlTemplate":"https:\/\/vietnamesemuseum.org\/vi\/?s={search_term_string}"},"query-input":{"@type":"PropertyValueSpecification","valueRequired":true,"valueName":"search_term_string"}}],"inLanguage":"vi-VN"},{"@type":"Organization","@id":"https:\/\/vietnamesemuseum.org\/vi\/#organization","name":"Vietnamese Heritage Museum","url":"https:\/\/vietnamesemuseum.org\/vi\/","logo":{"@type":"ImageObject","inLanguage":"vi-VN","@id":"https:\/\/vietnamesemuseum.org\/vi\/#\/schema\/logo\/image\/","url":"https:\/\/vietnamesemuseum.org\/wp-content\/uploads\/2018\/04\/VHCM_Logo_FINAL-1-e1525129203974.png","contentUrl":"https:\/\/vietnamesemuseum.org\/wp-content\/uploads\/2018\/04\/VHCM_Logo_FINAL-1-e1525129203974.png","width":100,"height":82,"caption":"Vietnamese Heritage Museum"},"image":{"@id":"https:\/\/vietnamesemuseum.org\/vi\/#\/schema\/logo\/image\/"},"sameAs":["https:\/\/www.facebook.com\/vhmusa","https:\/\/x.com\/vmuseum","https:\/\/www.instagram.com\/vietnamesemuseum\/","https:\/\/www.linkedin.com\/in\/vietnamese-heritage-museum\/","https:\/\/www.youtube.com\/c\/VietnameseMuseum\/"]}]}},"_links":{"self":[{"href":"https:\/\/vietnamesemuseum.org\/vi\/wp-json\/wp\/v2\/pages\/13442","targetHints":{"allow":["GET"]}}],"collection":[{"href":"https:\/\/vietnamesemuseum.org\/vi\/wp-json\/wp\/v2\/pages"}],"about":[{"href":"https:\/\/vietnamesemuseum.org\/vi\/wp-json\/wp\/v2\/types\/page"}],"author":[{"embeddable":true,"href":"https:\/\/vietnamesemuseum.org\/vi\/wp-json\/wp\/v2\/users\/295"}],"replies":[{"embeddable":true,"href":"https:\/\/vietnamesemuseum.org\/vi\/wp-json\/wp\/v2\/comments?post=13442"}],"version-history":[{"count":0,"href":"https:\/\/vietnamesemuseum.org\/vi\/wp-json\/wp\/v2\/pages\/13442\/revisions"}],"wp:attachment":[{"href":"https:\/\/vietnamesemuseum.org\/vi\/wp-json\/wp\/v2\/media?parent=13442"}],"curies":[{"name":"wp","href":"https:\/\/api.w.org\/{rel}","templated":true}]}}